{"id":584,"date":"2016-02-05T00:01:42","date_gmt":"2016-02-04T23:01:42","guid":{"rendered":"https:\/\/tarife-aktionen.de\/vodafone\/?page_id=584"},"modified":"2023-10-22T21:23:40","modified_gmt":"2023-10-22T19:23:40","slug":"telefon-internet-7200","status":"publish","type":"page","link":"https:\/\/tarife-aktionen.de\/vodafone\/zuhause\/lte\/telefon-internet-7200","title":{"rendered":"Vodafone LTE Zuhause \u2013 Telefon &#038; Internet 7200 Tarif"},"content":{"rendered":"<p><a title=\"Vodafone LTE Tarife online bestellen\" href=\"https:\/\/tarife-aktionen.de\/vodafone\/zum-anbieter\/vodafone-gigacube\/vodafone-gigacube-allgemein\" target=\"_blank\" rel=\"noopener\"><img decoding=\"async\" class=\"alignright size-medium wp-image-376\" src=\"https:\/\/tarife-aktionen.de\/vodafone\/inhalte\/2015\/09\/vodafone-onlinebestellung-150x30.png\" alt=\"Vodafone Onlinebestellung (online bestellen)\" width=\"150\" height=\"30\" srcset=\"https:\/\/tarife-aktionen.de\/vodafone\/inhalte\/2015\/09\/vodafone-onlinebestellung.png 150w, https:\/\/tarife-aktionen.de\/vodafone\/inhalte\/2015\/09\/vodafone-onlinebestellung-80x16.png 80w\" sizes=\"(max-width: 150px) 100vw, 150px\" \/><\/a>Mit dem\u00a0<strong><span class=\"farbig\">Vodafone LTE Zuhause<\/span><\/strong>\u00a0Tarif <strong>Telefon &amp; Internet 7200<\/strong>\u00a0erhalten Sie eine extra g\u00fcnstige\u00a0Internetflat (10 GB mit bis zu 7,2\u00a0MBit\/s surfen, danach Drosselung auf 384 kBit\/s)\u00a0und Telefonflat ins deutsche Festnetz. Der Vodafone Zuhause LTE Tarif Internet &amp; Telefon 7200 als <a title=\"Vodafone DSL Verf\u00fcgbarkeit pr\u00fcfen (DSL Verf\u00fcgbarkeitscheck)\" href=\"https:\/\/tarife-aktionen.de\/vodafone\/dsl\/verfuegbarkeit-check-karte-netzausbau-vodafone-dsl\">DSL<\/a> Alternative kostet\u00a0<strong>29,99 \u20ac je Monat<\/strong> zuz\u00fcglich Kosten f\u00fcr die Hardware\u00a0(Aktionen f\u00fcr Neukunden unten beachten). Neben LTE Zuhause bietet Vodafone <strong><a title=\"Vodafone DSL Tarife: Internet, Telefon und optional TV\" href=\"https:\/\/tarife-aktionen.de\/vodafone\/zuhause\/dsl\">DSL<\/a><\/strong>, <strong><a title=\"Vodafone VDSL Tarife: Internet, Telefon und optional TV\" href=\"https:\/\/tarife-aktionen.de\/vodafone\/zuhause\/vdsl\">VDSL<\/a><\/strong>\u00a0sowie in 13 Bundesl\u00e4ndern <strong><a title=\"Vodafone Kabel Tarife: Internet, Telefon und optional TV\" href=\"https:\/\/tarife-aktionen.de\/vodafone\/zuhause\/kabel\">Kabel Internet<\/a><\/strong>\u00a0an.<\/p>\n<h2><span class=\"farbig\">Aktionen<\/span>\u00a0Vodafone LTE Zuhause Telefon &amp; Internet 7200 Tarif im\u00a0<span style=\"color: #ff0000;\">April 2026<\/span><\/h2>\n<p>Wenn Sie die <a title=\"Vodafone LTE \u2013 Verf\u00fcgbarkeit, Tarife, Beratung, Bestellung\" href=\"https:\/\/tarife-aktionen.de\/vodafone\/lte\">Vodafone LTE<\/a> Zuhause\u00a0Doppelflat 7200\u00a0bis<strong> 30.04.2026<\/strong> bestellen, sparen Sie:<\/p>\n<ul>\n<li><span class=\"farbig\">Erste 12 Monate je nur 19,99 \u20ac:<\/span>\u00a0statt regul\u00e4r 29,99 \u20ac je Monat zahlen sie im Aktionszeitraum 12 Monate lang je nur 19,99 \u20ac f\u00fcr LTE Telefon &amp; Internet\u00a07200. <strong>Sie sparen 120 \u20ac<\/strong>.<\/li>\n<li><span class=\"farbig\">Wechselpr\u00e4mie:<\/span>\u00a0wenn Sie von einem anderen <a title=\"Internetanbieter in Deutschland\" href=\"https:\/\/internet-telefon-fernsehen.de\/anbieter\" target=\"_blank\" rel=\"noopener\">Internet-Anbieter<\/a> zur Vodafone LTE Zuhause Doppelflat 7200 wechseln, zahlen Sie bis zu <span style=\"color: #ff0000;\">12 Monate\u00a0keine Grundgeb\u00fchr<\/span> f\u00fcr den bestellten Vodafone LTE Zuhause Telefon &amp; Internet 7200 Tarif. <strong>Sie sparen bis 359,88 \u20ac<\/strong>.<\/li>\n<li><span class=\"farbig\">LTE Router EasyBox LTE 0 statt 5 \u20ac monatlich<\/span> in den ersten 12 Monaten = <strong>60 \u20ac sparen<\/strong>. Tipp: exklusiv bei uns gibt&#8217;s alternativ die <span class=\"farbig\">AVM Fritz!Box LTE<\/span>\u00a0ab 0 \u20ac Zuzahlung zusammen mit Vodafone LTE Internet &amp; Telefon 7200 \u00fcber <strong><a title=\"Vodafone LTE mit AVM Fritz!Box bestellen\" href=\"https:\/\/tarife-aktionen.de\/vodafone\/zum-anbieter\/vodafone-gigacube\/vodafone-gigacube-allgemein\" target=\"_blank\" rel=\"noopener\">diesen Link<\/a><\/strong>,\u00a0<a title=\"Callback \/ R\u00fcckruf: telefonische Beratung zu Vodafone Tarifen\" href=\"https:\/\/tarife-aktionen.de\/vodafone\/kontakt\/telefonische-beratung\">telefonisch<\/a>\u00a0oder\u00a0<a title=\"Vodafone Zuhause LTE Bestellformular\" href=\"https:\/\/tarife-aktionen.de\/vodafone\/onlinebestellung\" target=\"_blank\" rel=\"noopener\">schriftlich<\/a>.<\/li>\n<\/ul>\n<h2><span class=\"farbig\">Verf\u00fcgbarkeit<\/span> Vodafone\u00a0LTE Zuhause Telefon &amp; Internet 7200 Tarif<\/h2>\n<p><a title=\"Verf\u00fcgbarkeit Vodafone LTE Zuhause pr\u00fcfen\" href=\"https:\/\/tarife-aktionen.de\/vodafone\/zum-anbieter\/vodafone-gigacube\/vodafone-gigacube-check\" target=\"_blank\" rel=\"noopener\"><img decoding=\"async\" class=\"alignright size-full wp-image-1249\" src=\"https:\/\/tarife-aktionen.de\/vodafone\/inhalte\/2016\/01\/vodafone-verfuegbarkeit-pruefen-1.png\" alt=\"Vodafone Verf\u00fcgbarkeit online pr\u00fcfen\" width=\"150\" height=\"30\" srcset=\"https:\/\/tarife-aktionen.de\/vodafone\/inhalte\/2016\/01\/vodafone-verfuegbarkeit-pruefen-1.png 150w, https:\/\/tarife-aktionen.de\/vodafone\/inhalte\/2016\/01\/vodafone-verfuegbarkeit-pruefen-1-80x16.png 80w\" sizes=\"(max-width: 150px) 100vw, 150px\" \/><\/a>Der Vodafone LTE Zuhause Doppelflat 7200 Tarif\u00a0ist in vielen Regionen verf\u00fcgbar, wo kein <a title=\"Vodafone DSL Verf\u00fcgbarkeit pr\u00fcfen (DSL Verf\u00fcgbarkeitscheck)\" href=\"https:\/\/tarife-aktionen.de\/vodafone\/dsl\/verfuegbarkeit-check-karte-netzausbau-vodafone-dsl\">DSL<\/a> oder <a title=\"Vodafone Kabel Verf\u00fcgbarkeit pr\u00fcfen (Internet, Telefon, TV)\" href=\"https:\/\/tarife-aktionen.de\/vodafone\/kabel-deutschland\/verfuegbarkeit-check-vodafone-kabel\">Kabel Internet<\/a> verf\u00fcgbar ist. Die Vodafone LTE Verf\u00fcgbarkeit k\u00f6nnen Sie <strong><a title=\"Vodafone LTE Verf\u00fcgbarkeit pr\u00fcfen\" href=\"https:\/\/tarife-aktionen.de\/vodafone\/zum-anbieter\/vodafone-gigacube\/vodafone-gigacube-check\" target=\"_blank\" rel=\"noopener\">online<\/a><\/strong>, <a title=\"Vodafone Verf\u00fcgbarkeit Kabel \/ DSL \/ LTE telefonisch pr\u00fcfen\" href=\"https:\/\/tarife-aktionen.de\/vodafone\/zuhause\/verfuegbarkeit\/telefonisch-pruefen\">telefonisch<\/a> oder <a title=\"Schriftliche Anfrage Vodafone Verf\u00fcgbarkeit Kabel, DSL, LTE\" href=\"https:\/\/tarife-aktionen.de\/vodafone\/zuhause\/verfuegbarkeit\/schriftliche-anfrage\">schriftlich<\/a> pr\u00fcfen.<\/p>\n<h2><span class=\"farbig\">Tarifdetails<\/span> Vodafone Zuhause LTE Doppelflat Tarif 7200<\/h2>\n<ul>\n<li><span class=\"farbig\">Internet via Funk<\/span> \u00fcber das <a title=\"Vodafone LTE \u2013 Netzabdeckung \/ Verf\u00fcgbarkeit \/ Netzausbau\" href=\"https:\/\/tarife-aktionen.de\/vodafone\/netzabdeckung\/lte\">Vodafone LTE-Netz<\/a>. Abh\u00e4ngig vom Ausbau und der aktuellen Auslastung surfen Sie mit bis zu <strong>7,2 MBit\/s<\/strong>\u00a0im Internet (Download-Speed \/ Downstream). Der Upload-Speed (Upstream) betr\u00e4gt beim Doppelflat 7200 Tarif\u00a0<strong>1,4 MBit\/s<\/strong>. Tipp: schneller Surfen mit den Tarifen Zuhause Internet &amp; Telefon <a title=\"Vodafone LTE Zuhause M \u2013 Telefon &amp; Internet 21600 Tarif\" href=\"https:\/\/tarife-aktionen.de\/vodafone\/zuhause\/lte\/m-telefon-internet-21600\">LTE\u00a021600<\/a> und <a title=\"Vodafone LTE Zuhause L \u2013 Telefon &amp; Internet 50000 Tarif\" href=\"https:\/\/tarife-aktionen.de\/vodafone\/zuhause\/lte\/l-telefon-internet-50000\">LTE 50000<\/a>.<\/li>\n<li><span class=\"farbig\">LTE Internetflat<\/span> mit FairUse: bis zu <strong>10 GB je Monat<\/strong> surfen Sie mit maximaler Geschwindigkeit von <strong>7,2 MBit\/s<\/strong> via Vodafone LTE im Internet. Danach surfen Sie ohne Mehrkosten weiter, aber mit reduzierter Geschwindigkeit von <strong>384 kBit\/s<\/strong> (ca. 0,4 MBit\/s). Tipp: 15 GB Highspeed mit Doppelflat Zuhause <a title=\"Vodafone LTE Zuhause M \u2013 Telefon &amp; Internet 21600 Tarif\" href=\"https:\/\/tarife-aktionen.de\/vodafone\/zuhause\/lte\/m-telefon-internet-21600\">LTE\u00a021600<\/a>\u00a0oder 30 GB mit <a title=\"Vodafone LTE Zuhause L \u2013 Telefon &amp; Internet 50000 Tarif\" href=\"https:\/\/tarife-aktionen.de\/vodafone\/zuhause\/lte\/l-telefon-internet-50000\">LTE 50000<\/a>.<\/li>\n<li><span class=\"farbig\">Telefonanschluss mit Telefonflat<\/span>\u00a0ins gesamte deutsche Festnetz (Telefon Flatrate).\n<ul>\n<li>Gespr\u00e4che zu <a title=\"Telekom Tarife und Angebote\" href=\"https:\/\/telekom.tarife-angebote.de\/\" target=\"_blank\" rel=\"noopener\">Telekom<\/a> +\u00a0Vodafone Handynetz 19 Ct.\/Min. und <a title=\"o2 Tarife und Angebote\" href=\"https:\/\/o2.surfen-telefonieren.de\/\" target=\"_blank\" rel=\"noopener\">o2<\/a> +\u00a0E-Plus 22 Ct.\/Min. Auf Wunsch Flexi-Minutenpakete oder Telefonflat in Handynetze (<a title=\"Telefonie-Optionen f\u00fcr Vodafone DSL \/ VDSL Anschluss\" href=\"https:\/\/tarife-aktionen.de\/vodafone\/festnetz\/telefonie-optionen-flat-handynetze-und-ausland\">Details hier<\/a>).<\/li>\n<li>Auslandsverbindungen ab 4,5 Cent je Minute. <a title=\"Details Vodafone LTE Tarife\" href=\"https:\/\/www.vodafone.de\/infofaxe\/120.pdf\" target=\"_blank\" rel=\"noopener\">Details hier<\/a><\/li>\n<\/ul>\n<\/li>\n<\/ul>\n<h2><span class=\"farbig\">Bestellung<\/span>\u00a0Vodafone LTE Zuhause Telefon &amp; Internet 7200 Tarif<\/h2>\n<p><a title=\"Vodafone LTE Tarife online bestellen\" href=\"https:\/\/tarife-aktionen.de\/vodafone\/zum-anbieter\/vodafone-gigacube\/vodafone-gigacube-allgemein\" target=\"_blank\" rel=\"noopener\"><img decoding=\"async\" class=\"alignright size-medium wp-image-376\" src=\"https:\/\/tarife-aktionen.de\/vodafone\/inhalte\/2015\/09\/vodafone-onlinebestellung-150x30.png\" alt=\"Vodafone Onlinebestellung (online bestellen)\" width=\"150\" height=\"30\" srcset=\"https:\/\/tarife-aktionen.de\/vodafone\/inhalte\/2015\/09\/vodafone-onlinebestellung.png 150w, https:\/\/tarife-aktionen.de\/vodafone\/inhalte\/2015\/09\/vodafone-onlinebestellung-80x16.png 80w\" sizes=\"(max-width: 150px) 100vw, 150px\" \/><\/a><span class=\"desktop-tablet\">Vodafone LTE Zuhause Neukunden k\u00f6nnen den LTE Doppelflat 7200 Tarif am besten <a title=\"Vodafone LTE Zuhause Internet &amp; Telefon Tarif online bestellen\" href=\"https:\/\/tarife-aktionen.de\/vodafone\/zum-anbieter\/vodafone-gigacube\/vodafone-gigacube-allgemein\" target=\"_blank\" rel=\"noopener\"><strong>online bestellen<\/strong><\/a>. F\u00fcr die \u00c4nderung eines bestehenden Vodafone LTE Anschlusses wenden Sie sich bitte an den\u00a0<a title=\"Tarifwechsel Vodafone DSL, VDSL, Kabel (Zuhause Tarife)\" href=\"https:\/\/tarife-aktionen.de\/vodafone\/zuhause\/tarifwechsel-dsl-vdsl-kabel-lte\">Kundenservice<\/a>. <\/span><span class=\"smartphone\">Vodafone LTE Zuhause Doppelflat 7200 Tarif im <strong><a title=\"Vodafone LTE Zuhause Internet &amp; Telefon Tarif online bestellen\" href=\"https:\/\/tarife-aktionen.de\/vodafone\/zum-anbieter\/vodafone-gigacube\/vodafone-gigacube-allgemein\" target=\"_blank\" rel=\"noopener\">Vodafone Onlineshop<\/a><\/strong>\u00a0bestellen.<\/span><\/p>\n<p><a title=\"Callback \/ R\u00fcckruf: telefonische Beratung zu Vodafone Tarifen\" href=\"https:\/\/tarife-aktionen.de\/vodafone\/kontakt\/telefonische-beratung\"><img decoding=\"async\" class=\"alignright size-full wp-image-378\" src=\"https:\/\/tarife-aktionen.de\/vodafone\/inhalte\/2015\/09\/vodafone-telefonisch-bestellen.png\" alt=\"Vodafone Tarife telefonisch bestellen\" width=\"150\" height=\"30\" srcset=\"https:\/\/tarife-aktionen.de\/vodafone\/inhalte\/2015\/09\/vodafone-telefonisch-bestellen.png 150w, https:\/\/tarife-aktionen.de\/vodafone\/inhalte\/2015\/09\/vodafone-telefonisch-bestellen-80x16.png 80w\" sizes=\"(max-width: 150px) 100vw, 150px\" \/><\/a><span class=\"desktop-tablet\">Gerne nehmen wir Vodafone Zuhause LTE Bestellungen von <strong>Neukunden<\/strong> telefonisch unter <strong><a href=\"tel:+4939434099929\" onclick=\"ga('send', 'event', 'hotline', 'hotline-content', 'hotline-content-ohne-zeit');\">0 39 43 \/ 40 999 29<\/a><\/strong> entgegen oder nutzen Sie kostenfrei unseren unverbindlichen <a title=\"Callback \/ R\u00fcckruf: telefonische Beratung zu Vodafone Tarifen\" href=\"https:\/\/tarife-aktionen.de\/vodafone\/kontakt\/telefonische-beratung\">R\u00fcckruf-Service<\/a>. <\/span><span class=\"smartphone\">Vodafone Zuhause LTE <strong>Neukunden<\/strong> k\u00f6nnen den Zuhause Tarif\u00a0unter <strong><a href=\"tel:+4939434099929\" onclick=\"ga('send', 'event', 'hotline', 'hotline-content', 'hotline-content-ohne-zeit');\">0 39 43 \/ 40 999 29<\/a><\/strong> telefonisch bestellen (<a title=\"Callback \/ R\u00fcckruf: telefonische Beratung zu Vodafone Tarifen\" href=\"https:\/\/tarife-aktionen.de\/vodafone\/kontakt\/telefonische-beratung\">R\u00fcckruf-Service hier<\/a>).<\/span><\/p>\n<p><a title=\"Vodafone LTE Zuhause Bestellformular (PDF)\" href=\"https:\/\/tarife-aktionen.de\/vodafone\/onlinebestellung\" target=\"_blank\" rel=\"noopener\"><img decoding=\"async\" class=\"alignright size-full wp-image-374\" src=\"https:\/\/tarife-aktionen.de\/vodafone\/inhalte\/2015\/09\/vodafone-bestellformular-pdf.png\" alt=\"Vodafone Bestellformular (PDF)\" width=\"150\" height=\"30\" srcset=\"https:\/\/tarife-aktionen.de\/vodafone\/inhalte\/2015\/09\/vodafone-bestellformular-pdf.png 150w, https:\/\/tarife-aktionen.de\/vodafone\/inhalte\/2015\/09\/vodafone-bestellformular-pdf-80x16.png 80w\" sizes=\"(max-width: 150px) 100vw, 150px\" \/><\/a><span class=\"desktop-tablet\">F\u00fcr Vodafone LTE Zuhause Neukunden: LTE Telefon &amp; Internet 7200 Tarif schriftlich mit unserem <strong><a title=\"Vodafone LTE Zuhause Bestellformular (PDF)\" href=\"https:\/\/tarife-aktionen.de\/vodafone\/onlinebestellung\" target=\"_blank\" rel=\"noopener\">PDF Bestellformular<\/a><\/strong> bestellen. Auf Wunsch senden wir Ihnen einen\u00a0Flyer inklusive\u00a0Auftragsformular <a title=\"Bestellformulare \/ Flyer Vodafone Tarife per Post \/ eMail\" href=\"https:\/\/tarife-aktionen.de\/vodafone\/kontakt\/unterlagen-zusenden\">per Post zu<\/a>.\u00a0<\/span><span class=\"smartphone\">F\u00fcr Vodafone LTE Zuhause Neukunden: LTE Telefon &amp; Internet 7200 Tarif per <strong><a title=\"Vodafone LTE Zuhause Bestellformular (PDF)\" href=\"https:\/\/tarife-aktionen.de\/vodafone\/onlinebestellung\" target=\"_blank\" rel=\"noopener\">PDF Bestellformular<\/a><\/strong> beauftragen oder Unterlagen <strong><a title=\"Bestellformulare \/ Flyer Vodafone Tarife per Post \/ eMail\" href=\"https:\/\/tarife-aktionen.de\/vodafone\/kontakt\/unterlagen-zusenden\">zusenden lassen<\/a><\/strong>.<\/span><\/p>\n","protected":false},"excerpt":{"rendered":"<p>Mit dem\u00a0Vodafone LTE Zuhause\u00a0Tarif Telefon &amp; Internet 7200\u00a0erhalten Sie eine extra g\u00fcnstige\u00a0Internetflat (10 GB mit bis zu 7,2\u00a0MBit\/s surfen, danach Drosselung auf 384 kBit\/s)\u00a0und Telefonflat ins deutsche Festnetz. Der Vodafone Zuhause LTE Tarif Internet &amp; Telefon 7200 als DSL Alternative kostet\u00a029,99 \u20ac je Monat zuz\u00fcglich Kosten f\u00fcr die Hardware\u00a0(Aktionen f\u00fcr Neukunden unten beachten). Neben LTE &hellip; <a href=\"https:\/\/tarife-aktionen.de\/vodafone\/zuhause\/lte\/telefon-internet-7200\" class=\"more-link\"><span class=\"screen-reader-text\">Vodafone LTE Zuhause \u2013 Telefon &#038; Internet 7200 Tarif<\/span> weiterlesen <span class=\"meta-nav\">&rarr;<\/span><\/a><\/p>\n","protected":false},"author":28,"featured_media":0,"parent":554,"menu_order":141100,"comment_status":"closed","ping_status":"closed","template":"","meta":{"footnotes":""},"class_list":["post-584","page","type-page","status-publish","hentry"],"_links":{"self":[{"href":"https:\/\/tarife-aktionen.de\/vodafone\/wp-json\/wp\/v2\/pages\/584","targetHints":{"allow":["GET"]}}],"collection":[{"href":"https:\/\/tarife-aktionen.de\/vodafone\/wp-json\/wp\/v2\/pages"}],"about":[{"href":"https:\/\/tarife-aktionen.de\/vodafone\/wp-json\/wp\/v2\/types\/page"}],"author":[{"embeddable":true,"href":"https:\/\/tarife-aktionen.de\/vodafone\/wp-json\/wp\/v2\/users\/28"}],"replies":[{"embeddable":true,"href":"https:\/\/tarife-aktionen.de\/vodafone\/wp-json\/wp\/v2\/comments?post=584"}],"version-history":[{"count":5,"href":"https:\/\/tarife-aktionen.de\/vodafone\/wp-json\/wp\/v2\/pages\/584\/revisions"}],"predecessor-version":[{"id":6702,"href":"https:\/\/tarife-aktionen.de\/vodafone\/wp-json\/wp\/v2\/pages\/584\/revisions\/6702"}],"up":[{"embeddable":true,"href":"https:\/\/tarife-aktionen.de\/vodafone\/wp-json\/wp\/v2\/pages\/554"}],"wp:attachment":[{"href":"https:\/\/tarife-aktionen.de\/vodafone\/wp-json\/wp\/v2\/media?parent=584"}],"curies":[{"name":"wp","href":"https:\/\/api.w.org\/{rel}","templated":true}]}}