{"id":724,"date":"2015-12-08T00:01:47","date_gmt":"2015-12-07T23:01:47","guid":{"rendered":"https:\/\/tarife-aktionen.de\/vodafone\/?page_id=724"},"modified":"2023-10-22T20:15:53","modified_gmt":"2023-10-22T18:15:53","slug":"geschaeftskunden","status":"publish","type":"page","link":"https:\/\/tarife-aktionen.de\/vodafone\/geschaeftskunden","title":{"rendered":"Vodafone Business Tarife f\u00fcr Gesch\u00e4ftskunden \/ Unternehmen"},"content":{"rendered":"<p>F\u00fcr Selbstst\u00e4ndige (z.B. Handwerker und f\u00fcr&#8217;s HomeOffice), aber auch f\u00fcr Gesch\u00e4ftskunden \/ Firmenkunden bietet Vodafone g\u00fcnstige und leistungsstarke <span class=\"farbig\">Business Tarife<\/span> f\u00fcr&#8217;s B\u00fcro und f\u00fcr unterwegs an. <strong><a title=\"Vodafone Business Tarife\" href=\"https:\/\/tarife-aktionen.de\/vodafone\/zum-anbieter\/vodafone-business\/vodafone-business-festnetz\" target=\"_blank\" rel=\"noopener\">Zum Onlineshop mit Business Tarifen<\/a><\/strong><\/p>\n","protected":false},"excerpt":{"rendered":"<p>F\u00fcr Selbstst\u00e4ndige (z.B. Handwerker und f\u00fcr&#8217;s HomeOffice), aber auch f\u00fcr Gesch\u00e4ftskunden \/ Firmenkunden bietet Vodafone g\u00fcnstige und leistungsstarke Business Tarife f\u00fcr&#8217;s B\u00fcro und f\u00fcr unterwegs an. Zum Onlineshop mit Business Tarifen<\/p>\n","protected":false},"author":28,"featured_media":0,"parent":0,"menu_order":800,"comment_status":"closed","ping_status":"closed","template":"","meta":{"footnotes":""},"class_list":["post-724","page","type-page","status-publish","hentry"],"_links":{"self":[{"href":"https:\/\/tarife-aktionen.de\/vodafone\/wp-json\/wp\/v2\/pages\/724","targetHints":{"allow":["GET"]}}],"collection":[{"href":"https:\/\/tarife-aktionen.de\/vodafone\/wp-json\/wp\/v2\/pages"}],"about":[{"href":"https:\/\/tarife-aktionen.de\/vodafone\/wp-json\/wp\/v2\/types\/page"}],"author":[{"embeddable":true,"href":"https:\/\/tarife-aktionen.de\/vodafone\/wp-json\/wp\/v2\/users\/28"}],"replies":[{"embeddable":true,"href":"https:\/\/tarife-aktionen.de\/vodafone\/wp-json\/wp\/v2\/comments?post=724"}],"version-history":[{"count":2,"href":"https:\/\/tarife-aktionen.de\/vodafone\/wp-json\/wp\/v2\/pages\/724\/revisions"}],"predecessor-version":[{"id":6375,"href":"https:\/\/tarife-aktionen.de\/vodafone\/wp-json\/wp\/v2\/pages\/724\/revisions\/6375"}],"wp:attachment":[{"href":"https:\/\/tarife-aktionen.de\/vodafone\/wp-json\/wp\/v2\/media?parent=724"}],"curies":[{"name":"wp","href":"https:\/\/api.w.org\/{rel}","templated":true}]}}