{"id":777,"date":"2016-02-08T00:01:40","date_gmt":"2016-02-07T23:01:40","guid":{"rendered":"https:\/\/tarife-aktionen.de\/vodafone\/?page_id=777"},"modified":"2023-10-22T21:22:50","modified_gmt":"2023-10-22T19:22:50","slug":"verfuegbarkeit","status":"publish","type":"page","link":"https:\/\/tarife-aktionen.de\/vodafone\/zuhause\/lte\/verfuegbarkeit","title":{"rendered":"Vodafone Zuhause LTE Verf\u00fcgbarkeit pr\u00fcfen (DSL Alternative)"},"content":{"rendered":"<p><a title=\"Vodafone Zuhause LTE Verf\u00fcgbarkeit hier pr\u00fcfen\" href=\"https:\/\/tarife-aktionen.de\/vodafone\/zum-anbieter\/vodafone-gigacube\/vodafone-gigacube-check\" target=\"_blank\" rel=\"noopener\"><img decoding=\"async\" class=\"alignright size-full wp-image-732\" src=\"https:\/\/tarife-aktionen.de\/vodafone\/inhalte\/2016\/01\/vodafone-lte-netzabdeckung-pruefen-verfuegbarkeit.png\" alt=\"Vodafone LTE Netzabdeckung pr\u00fcfen (Verf\u00fcgbarkeit)\" width=\"150\" height=\"200\" srcset=\"https:\/\/tarife-aktionen.de\/vodafone\/inhalte\/2016\/01\/vodafone-lte-netzabdeckung-pruefen-verfuegbarkeit.png 150w, https:\/\/tarife-aktionen.de\/vodafone\/inhalte\/2016\/01\/vodafone-lte-netzabdeckung-pruefen-verfuegbarkeit-80x107.png 80w\" sizes=\"(max-width: 150px) 100vw, 150px\" \/><\/a>Die Vodafone <span class=\"farbig\">Zuhause LTE VErf\u00fcgbarkeit<\/span> f\u00fcr schnelles Surfen daheim h\u00e4ngt von diversen Faktoren ab. LTE Zuhause k\u00f6nnen Sie nur bestellen, wenn kein <a title=\"Vodafone DSL Verf\u00fcgbarkeit pr\u00fcfen (DSL Verf\u00fcgbarkeitscheck)\" href=\"https:\/\/tarife-aktionen.de\/vodafone\/dsl\/verfuegbarkeit-check-karte-netzausbau-vodafone-dsl\">DSL<\/a> oder <a title=\"Vodafone Kabel Verf\u00fcgbarkeit pr\u00fcfen (Internet, Telefon, TV)\" href=\"https:\/\/tarife-aktionen.de\/vodafone\/kabel-deutschland\/verfuegbarkeit-check-vodafone-kabel\">Kabel<\/a> verf\u00fcgbar ist. <strong>Verf\u00fcgbarkeit LTE hier pr\u00fcfen<\/strong>:<\/p>\n<ul class=\"desktop-tablet\">\n<li><strong><a title=\"Vodafone Zuhause LTE Verf\u00fcgbarkeit online pr\u00fcfen\" href=\"https:\/\/tarife-aktionen.de\/vodafone\/zum-anbieter\/vodafone-gigacube\/vodafone-gigacube-check\" target=\"_blank\" rel=\"noopener\">Vodafone Zuhause LTE Verf\u00fcgbarkeit online pr\u00fcfen<\/a><\/strong><\/li>\n<li><a title=\"Vodafone LTE \u2013 Netzabdeckung \/ Verf\u00fcgbarkeit \/ Netzausbau\" href=\"https:\/\/tarife-aktionen.de\/vodafone\/netzabdeckung\/lte\">LTE Netzkarte Deutschlands (Mobilfunk Netzausbau)<\/a><\/li>\n<li>Vodafone LTE Zuhause Verf\u00fcgbarkeit\u00a0<span class=\"farbig\">telefonisch<\/span>\u00a0bei unserer Hotline unter\u00a0<strong><a href=\"tel:+4939434099929\" onclick=\"ga('send', 'event', 'hotline', 'hotline-content', 'hotline-content-ohne-zeit');\">0 39 43 \/ 40 999 29<\/a><\/strong> erfragen oder unseren\u00a0<a title=\"Vodafone Verf\u00fcgbarkeit Kabel \/ DSL \/ LTE telefonisch pr\u00fcfen\" href=\"https:\/\/tarife-aktionen.de\/vodafone\/zuhause\/verfuegbarkeit\/telefonisch-pruefen\">R\u00fcckruf-Service<\/a>\u00a0(kostenlos und unverbindlich) nutzen.<\/li>\n<li><a title=\"Schriftliche Anfrage Vodafone Verf\u00fcgbarkeit Kabel, DSL, LTE\" href=\"https:\/\/tarife-aktionen.de\/vodafone\/zuhause\/verfuegbarkeit\/schriftliche-anfrage\"><strong>Schriftliche Anfrage zur Vodafone LTE Zuhause Verf\u00fcgbarkeit<\/strong><\/a><\/li>\n<\/ul>\n<ul class=\"smartphone\">\n<li><strong><a title=\"Vodafone Zuhause LTE Verf\u00fcgbarkeit online pr\u00fcfen\" href=\"https:\/\/tarife-aktionen.de\/vodafone\/zum-anbieter\/vodafone-gigacube\/vodafone-gigacube-check\" target=\"_blank\" rel=\"noopener\">Verf\u00fcgbarkeit LTE online pr\u00fcfen<\/a><\/strong><\/li>\n<li><a title=\"Vodafone LTE \u2013 Netzabdeckung \/ Verf\u00fcgbarkeit \/ Netzausbau\" href=\"https:\/\/tarife-aktionen.de\/vodafone\/netzabdeckung\/lte\">LTE Netzkarte Deutschland<\/a><\/li>\n<li>Vodafone LTE Zuhause Verf\u00fcgbarkeit <span class=\"farbig\">telefonisch<\/span> unter <strong><a href=\"tel:+4939434099929\" onclick=\"ga('send', 'event', 'hotline', 'hotline-content', 'hotline-content-ohne-zeit');\">0 39 43 \/ 40 999 29<\/a><\/strong> pr\u00fcfen oder <a title=\"Vodafone Verf\u00fcgbarkeit Kabel \/ DSL \/ LTE telefonisch pr\u00fcfen\" href=\"https:\/\/tarife-aktionen.de\/vodafone\/zuhause\/verfuegbarkeit\/telefonisch-pruefen\">R\u00fcckruf-Service<\/a> nutzen.<\/li>\n<li><a title=\"Schriftliche Anfrage Vodafone Verf\u00fcgbarkeit Kabel, DSL, LTE\" href=\"https:\/\/tarife-aktionen.de\/vodafone\/zuhause\/verfuegbarkeit\/schriftliche-anfrage\"><strong>Anfrage LTE Verf\u00fcgbarkeit<\/strong><\/a><\/li>\n<\/ul>\n<p>Wenn die Vodafone\u00a0Verf\u00fcgbarkeit der <strong><a title=\"Vodafone LTE Zuhause Tarife \u2013 Internet und Telefon\" href=\"https:\/\/tarife-aktionen.de\/vodafone\/zuhause\/lte\">LTE Zuhause Tarife<\/a><\/strong>\u00a0gegeben ist, k\u00f6nnen Sie sich f\u00fcr einen der vielen g\u00fcnstigen Angebote entscheiden &#8211; als Alternative zu <a title=\"Vodafone DSL Tarife: Internet, Telefon und optional TV\" href=\"https:\/\/tarife-aktionen.de\/vodafone\/zuhause\/dsl\">DSL<\/a> und <a title=\"Vodafone Kabel Tarife: Internet, Telefon und optional TV\" href=\"https:\/\/tarife-aktionen.de\/vodafone\/zuhause\/kabel\">Kabel<\/a>.<\/p>\n<h2><span class=\"desktop-tablet\">Vodafone LTE ist verf\u00fcgbar?\u00a0<span class=\"farbig\">Tarif\u00fcbersicht<\/span>\u00a0LTE Zuhause Tarife:\u00a0<\/span><span class=\"smartphone\">LTE verf\u00fcgbar? <span class=\"farbig\">Tarif\u00fcbersicht:<\/span><\/span><\/h2>\n<ul>\n<li><strong><a href=\"https:\/\/tarife-aktionen.de\/vodafone\/zuhause\/lte\/internet-telefon\">LTE Zuhause Internet &amp; Telefon<\/a><\/strong>\u00a0&#8211; g\u00fcnstige Doppelflat Tarife als Festnetz Ersatz.<\/li>\n<li><strong><a href=\"https:\/\/tarife-aktionen.de\/vodafone\/zuhause\/lte\/internet\">LTE Zuhause Internet<\/a><\/strong>\u00a0&#8211; g\u00fcnstiger Internetzugang f\u00fcr alle die keine Telefonflat ben\u00f6tigen.<\/li>\n<\/ul>\n<h2><span class=\"desktop-tablet\">Vodafone LTE Verf\u00fcgbarkeit <span class=\"farbig\">online pr\u00fcfen<\/span> (Online-Check)\u00a0<\/span><span class=\"smartphone\">Zuhause LTE Verf\u00fcgbarkeit <span class=\"farbig\">online pr\u00fcfen<\/span><\/span><\/h2>\n<p><a title=\"Vodafone LTE Verf\u00fcgbarkeit online pr\u00fcfen\" href=\"https:\/\/tarife-aktionen.de\/vodafone\/zum-anbieter\/vodafone-gigacube\/vodafone-gigacube-check\" target=\"_blank\" rel=\"noopener\"><img decoding=\"async\" class=\"alignright size-full wp-image-1249\" src=\"https:\/\/tarife-aktionen.de\/vodafone\/inhalte\/2016\/01\/vodafone-verfuegbarkeit-pruefen-1.png\" alt=\"Vodafone Verf\u00fcgbarkeit online pr\u00fcfen\" width=\"150\" height=\"30\" srcset=\"https:\/\/tarife-aktionen.de\/vodafone\/inhalte\/2016\/01\/vodafone-verfuegbarkeit-pruefen-1.png 150w, https:\/\/tarife-aktionen.de\/vodafone\/inhalte\/2016\/01\/vodafone-verfuegbarkeit-pruefen-1-80x16.png 80w\" sizes=\"(max-width: 150px) 100vw, 150px\" \/><\/a>Die Onlinepr\u00fcfung der Vodafone Zuhause LTE Verf\u00fcgbarkeit ist der schnellste Weg um zu pr\u00fcfen, ob die <a title=\"Vodafone LTE \u2013 Verf\u00fcgbarkeit, Tarife, Beratung, Bestellung\" href=\"https:\/\/tarife-aktionen.de\/vodafone\/lte\">Vodafone LTE<\/a> Breitband Internet Tarife f\u00fcr daheim an Ihrer Anschrift verf\u00fcgbar sind. F\u00fcr den Check\u00a0der Vodafone Zuhause LTE Verf\u00fcgbarkeit ben\u00f6tigen Sie Ihre Anschrift \/ Wohnort und die Vorwahl des Ortes. Im <strong><a title=\"Vodafone Verf\u00fcgbarkeitscheck online f\u00fcr Zuhause LTE Tarife\" href=\"https:\/\/tarife-aktionen.de\/vodafone\/zum-anbieter\/vodafone-gigacube\/vodafone-gigacube-check\" target=\"_blank\" rel=\"noopener\">Online-Verf\u00fcgbarkeitscheck<\/a><\/strong> wird Ihnen direkt online angezeigt, welche Vodafone LTE Zuhause Tarife an Ihrer Adresse technisch m\u00f6glich bzw. ausgebaut sind.<\/p>\n<h2><span class=\"desktop-tablet\">Vodafone LTE Verf\u00fcgbarkeit<span class=\"farbig\">\u00a0telefonisch pr\u00fcfen<\/span> (mit Beratung) <\/span><span class=\"smartphone\">LTE Verf\u00fcgbarkeit <span class=\"farbig\">telefonisch pr\u00fcfen<\/span><\/span><\/h2>\n<p>Gern \u00fcberpr\u00fcfen wir auch unverbindlich\u00a0<strong>telefonisch<\/strong> die Vodafone Zuhause LTE Verf\u00fcgbarkeit an Ihrer Anschrift. Unsere Mitarbeiter ben\u00f6tigen Anschrift und Vorwahl, um einen kostenlosen Verf\u00fcgbarkeitscheck durchzuf\u00fchren. Sollten die Vodafone <strong><a title=\"Vodafone LTE Zuhause Tarife \u2013 Internet und Telefon\" href=\"https:\/\/tarife-aktionen.de\/vodafone\/zuhause\/lte\">Zuhause LTE Tarife<\/a><\/strong> bei Ihnen verf\u00fcgbar sein, beraten wir Sie gern auch am Telefon, welches der Angebote am besten zu Ihnen passt. Nutzen Sie einfach unseren <strong><a title=\"Vodafone Verf\u00fcgbarkeit LTE telefonisch pr\u00fcfen\" href=\"https:\/\/tarife-aktionen.de\/vodafone\/zuhause\/verfuegbarkeit\/telefonisch-pruefen\">R\u00fcckrufservice<\/a><\/strong> oder rufen Sie selbst an:<\/p>\n<p><span class=\"desktop-tablet\"><strong>Tel.<\/strong>\u00a0<strong><a href=\"tel:+4939434099929\" onclick=\"ga('send', 'event', 'hotline', 'hotline-content', 'hotline-content-mit-zeit');\">0 39 43 \/ 40 999 29<\/a><\/strong> (Mo.-Fr. 7:30-22 \/ Sa. 8-22 \/ So. + Feiertag 10-22 Uhr) <\/span><span class=\"smartphone\"><strong>Tel.<\/strong>\u00a0<strong><a href=\"tel:+4939434099929\" onclick=\"ga('send', 'event', 'hotline', 'hotline-content', 'hotline-content-mit-zeit');\">0 39 43 \/ 40 999 29<\/a><\/strong> (Mo.-Fr. 7:30-22 \/ Sa. 8-22 \/ So. + Feiertag 10-22 Uhr)<\/span><\/p>\n<h2><span class=\"desktop-tablet\"><span class=\"farbig\">Schriftliche Anfrage<\/span>\u00a0zur Vodafone Zuhause LTE Verf\u00fcgbarkeit\u00a0<\/span><span class=\"smartphone\">Verf\u00fcgbarkeit LTE\u00a0<span class=\"farbig\">schriftliche Anfrage<\/span><\/span><\/h2>\n<p>Auf Wunsch k\u00f6nnen Sie uns auch eine <strong><a title=\"Schriftliche Anfrage Vodafone LTE Verf\u00fcgbarkeit\" href=\"https:\/\/tarife-aktionen.de\/vodafone\/zuhause\/verfuegbarkeit\/schriftliche-anfrage\">schriftliche Anfrage<\/a><\/strong> zur Vodafone LTE Verf\u00fcgbarkeit senden. Wir teilen Ihnen per eMail mit, welche <a title=\"Vodafone Zuhause Tarife: DSL, VDSL, Kabel, LTE, TV, Telefon\" href=\"https:\/\/tarife-aktionen.de\/vodafone\/zuhause\">Vodafone Tarife<\/a> bei Ihnen m\u00f6glich\u00a0sind.<\/p>\n","protected":false},"excerpt":{"rendered":"<p>Die Vodafone Zuhause LTE VErf\u00fcgbarkeit f\u00fcr schnelles Surfen daheim h\u00e4ngt von diversen Faktoren ab. LTE Zuhause k\u00f6nnen Sie nur bestellen, wenn kein DSL oder Kabel verf\u00fcgbar ist. Verf\u00fcgbarkeit LTE hier pr\u00fcfen: Vodafone Zuhause LTE Verf\u00fcgbarkeit online pr\u00fcfen LTE Netzkarte Deutschlands (Mobilfunk Netzausbau) Vodafone LTE Zuhause Verf\u00fcgbarkeit\u00a0telefonisch\u00a0bei unserer Hotline unter\u00a0 erfragen oder unseren\u00a0R\u00fcckruf-Service\u00a0(kostenlos und unverbindlich) nutzen. &hellip; <a href=\"https:\/\/tarife-aktionen.de\/vodafone\/zuhause\/lte\/verfuegbarkeit\" class=\"more-link\"><span class=\"screen-reader-text\">Vodafone Zuhause LTE Verf\u00fcgbarkeit pr\u00fcfen (DSL Alternative)<\/span> weiterlesen <span class=\"meta-nav\">&rarr;<\/span><\/a><\/p>\n","protected":false},"author":30,"featured_media":0,"parent":554,"menu_order":140100,"comment_status":"closed","ping_status":"closed","template":"","meta":{"footnotes":""},"class_list":["post-777","page","type-page","status-publish","hentry"],"_links":{"self":[{"href":"https:\/\/tarife-aktionen.de\/vodafone\/wp-json\/wp\/v2\/pages\/777","targetHints":{"allow":["GET"]}}],"collection":[{"href":"https:\/\/tarife-aktionen.de\/vodafone\/wp-json\/wp\/v2\/pages"}],"about":[{"href":"https:\/\/tarife-aktionen.de\/vodafone\/wp-json\/wp\/v2\/types\/page"}],"author":[{"embeddable":true,"href":"https:\/\/tarife-aktionen.de\/vodafone\/wp-json\/wp\/v2\/users\/30"}],"replies":[{"embeddable":true,"href":"https:\/\/tarife-aktionen.de\/vodafone\/wp-json\/wp\/v2\/comments?post=777"}],"version-history":[{"count":4,"href":"https:\/\/tarife-aktionen.de\/vodafone\/wp-json\/wp\/v2\/pages\/777\/revisions"}],"predecessor-version":[{"id":6669,"href":"https:\/\/tarife-aktionen.de\/vodafone\/wp-json\/wp\/v2\/pages\/777\/revisions\/6669"}],"up":[{"embeddable":true,"href":"https:\/\/tarife-aktionen.de\/vodafone\/wp-json\/wp\/v2\/pages\/554"}],"wp:attachment":[{"href":"https:\/\/tarife-aktionen.de\/vodafone\/wp-json\/wp\/v2\/media?parent=777"}],"curies":[{"name":"wp","href":"https:\/\/api.w.org\/{rel}","templated":true}]}}