{"id":79,"date":"2018-07-25T02:00:25","date_gmt":"2018-07-25T00:00:25","guid":{"rendered":"https:\/\/internet-telefon-fernsehen.de\/?page_id=79"},"modified":"2022-09-02T14:38:09","modified_gmt":"2022-09-02T12:38:09","slug":"impressum","status":"publish","type":"page","link":"https:\/\/tarife-aktionen.de\/vodafone\/impressum","title":{"rendered":"Impressum"},"content":{"rendered":"<p><img decoding=\"async\" class=\"alignright size-full wp-image-3769\" src=\"https:\/\/tarife-aktionen.de\/vodafone\/inhalte\/2018\/07\/impressum-vodafone-tarife-aktionen.jpg\" alt=\"Impressum Tarife-Aktionen.de\/Vodafone - unabh\u00e4ngiger Vodafone Partner\" width=\"150\" height=\"100\" srcset=\"https:\/\/tarife-aktionen.de\/vodafone\/inhalte\/2018\/07\/impressum-vodafone-tarife-aktionen.jpg 150w, https:\/\/tarife-aktionen.de\/vodafone\/inhalte\/2018\/07\/impressum-vodafone-tarife-aktionen-80x53.jpg 80w\" sizes=\"(max-width: 150px) 100vw, 150px\" \/>Impressum: die Seite <strong>Tarife-Aktionen.de\/Vodafone<\/strong> (unabh\u00e4ngige Informationsseite vom Vodafone Partner) wird betrieben von:<\/p>\n<p><a href=\"https:\/\/komm-on.com\/\" target=\"_blank\" rel=\"noopener\"><strong>telekommunikation-online Gutsch &amp; Co. OHG<\/strong><\/a><br \/>\nAutorisierter Vodafone Partner<br \/>\nG\u00fcnter-Klapproth-Weg 20<br \/>\n38259 Salzgitter<\/p>\n<hr \/>\n<p><a href=\"https:\/\/tarife-aktionen.de\/vodafone\/fehler-feedback\"><strong>Fehler oder Feedback zu unserer Webseite hier melden<\/strong><\/a><\/p>\n<hr \/>\n<p><a href=\"https:\/\/tarife-aktionen.de\/vodafone\/kontakt\"><strong>Kontaktm\u00f6glichkeiten f\u00fcr Neukunden und Bestandskunden<\/strong><\/a><\/p>\n<hr \/>\n<p><span class=\"farbig\">telekommunikation-online Gutsch &amp; Co. OHG<\/span> <strong>&#8211; Betreiber von Tarife-Aktionen.de\/Vodafone<br \/>\n<\/strong><\/p>\n<p><strong>Registernummer:<\/strong> HRA 14027<\/p>\n<p><strong>Registergericht:<\/strong> Amtsgericht Braunschweig<\/p>\n<p><strong>Umsatzsteuer-Identifikationsnummer<\/strong> gem. \u00a7 27a UStG: DE 221259598<\/p>\n<p><strong>Inhaltlich Verantwortlicher<\/strong> gem. \u00a7 55 II RStV: Christian Gutsch (Anschrift s.o.)<\/p>\n<p><strong>Vertretungsberechtigte Gesellschafter: <\/strong>Christian Gutsch und Ralf Reymann<\/p>\n<p><strong>Datenschutz:<\/strong> die Datenschutzerkl\u00e4rung von Tarife-Aktionen.de\/Vodafone finden Sie <a href=\"https:\/\/tarife-aktionen.de\/vodafone\/datenschutzerklaerung\"><strong>HIER<\/strong><\/a>.<\/p>\n<p><strong>Weitere Infos:<\/strong> <a href=\"https:\/\/tarife-aktionen.de\/vodafone\/haftungsausschluss\"><strong>Haftungsausschluss<\/strong><\/a> \/ rechtliche Hinweise siehe unten<\/p>\n<p><strong>Autorisierter Vodafone \/ Arcor \/ Kabel Deutschland Partner<\/strong> seit dem Jahre 2003<\/p>\n<hr \/>\n<p><span class=\"farbig\"><strong>Kontakt f\u00fcr Beratung<\/strong><\/span> zu Vodafone Tarifen und Angeboten &#8211; Festnetz sowie Mobilfunk:<\/p>\n<ul>\n<li><em><a href=\"https:\/\/tarife-aktionen.de\/vodafone\/kontakt\/hotline\"><strong>Hotline<\/strong><\/a> (rufen Sie direkt bei uns an)<\/em><\/li>\n<li><em><strong><a href=\"https:\/\/tarife-aktionen.de\/vodafone\/kontakt\/telefonische-beratung\">R\u00fcckruf-Service<\/a><\/strong> (wir rufen Sie kostenlos an)<\/em><\/li>\n<li><em><strong><a href=\"https:\/\/tarife-aktionen.de\/vodafone\/kontakt\/schriftliche-anfrage\">Kontaktformular<\/a><\/strong> (schriftliche Anfrage stellen)<\/em><\/li>\n<li><em><strong><a href=\"https:\/\/tarife-aktionen.de\/vodafone\/kontakt\/kundenservice\">Kundenservice<\/a><\/strong> (bei Anliegen zu bestehendem Vertrag)<\/em><\/li>\n<\/ul>\n<hr \/>\n<p><span class=\"farbig\">F\u00fcr Anliegen, die unsere Webseite betreffen<\/span> <strong>(NICHT f\u00fcr Anfragen von Bestandskunden)<\/strong>:<\/p>\n<ul>\n<li><strong>E-Mail: <a href=\"mailto:impressum-vodafone@tarife-aktionen.de\">impressum-vodafone@tarife-aktionen.de <\/a><\/strong>oder <a href=\"https:\/\/tarife-aktionen.de\/vodafone\/fehler-feedback\"><strong>Kontaktformular nutzen<\/strong><\/a><\/li>\n<li><strong>Fax:<\/strong> 0 53 41 \/ 85 90 43<\/li>\n<\/ul>\n<hr \/>\n<p><strong> Bildnachweis:<\/strong> die Bilder unserer Seite mit Infos zu Vodafone Tarifen sind selbst erstellt, Pressefotos oder \u00fcber eine Bildagentur unterlizensiert (z.B. Bilder von <a href=\"https:\/\/de.fotolia.com\/\" target=\"_blank\" rel=\"noopener\">Fotolia.com<\/a>).<\/p>\n<hr \/>\n<p><strong>Rechtlicher Hinweis:<\/strong> Sollten Sie der Ansicht sein, dass wir auf unserer Seite zu Vodafone Tarifen und Aktionen in Ihre Rechte eingreifen bzw. diese verletzen, nehmen Sie bitte mit Herrn Gutsch Kontakt auf (<a href=\"https:\/\/tarife-aktionen.de\/vodafone\/fehler-feedback\"><strong>Kontaktformular<\/strong><\/a> oder E-Mail <a href=\"mailto:impressum-vodafone@tarife-aktionen.de\"><strong>impressum-vodafone@tarife-aktionen.de<\/strong><\/a> oder Fax 05341-859043 \/ Postanschrift wie oben). Wir werden Ihr Anliegen Ernst nehmen und bei rechtm\u00e4\u00dfigen Beanstandungen schnellstens handeln.<\/p>\n<hr \/>\n<p><strong>Die Vertr\u00e4ge \u00fcber die auf dieser Webseite beworbenen Produkte kommen direkt mit dem Anbieter <a href=\"https:\/\/smartphone-tarife.de\/vodafone\" target=\"_blank\" rel=\"noopener\">Vodafone<\/a> zustande.<\/strong> Wir sind ein unabh\u00e4ngiger Berater und <span class=\"farbig\">Vermittler<\/span> &#8211; mit uns gehen Sie keinen direkten Vertrag ein und wir erhalten im Rahmen Ihrer Vodafone Bestellung nur Zugriff auf Daten, die f\u00fcr den Auftrag n\u00f6tig sind. Unser Unternehmen <strong><a href=\"https:\/\/komm-on.com\/\" target=\"_blank\" rel=\"noopener\">telekommunikation-online Gutsch &amp; Co. OHG<\/a><\/strong> betreibt dieses Portal mit Informationen zu Vodafone Tarifen, Angeboten, Smartphones, <a href=\"https:\/\/tarife-aktionen.de\/vodafone\/netzabdeckung\"><strong>Netzabdeckung<\/strong><\/a> sowie Festnetz Anschl\u00fcssen (<a href=\"https:\/\/tarife-aktionen.de\/vodafone\/zuhause\/dsl\"><strong>DSL<\/strong><\/a> \/ <a href=\"https:\/\/tarife-aktionen.de\/vodafone\/zuhause\/kabel\"><strong>Kabel<\/strong><\/a>).<\/p>\n","protected":false},"excerpt":{"rendered":"<p>Impressum: die Seite Tarife-Aktionen.de\/Vodafone (unabh\u00e4ngige Informationsseite vom Vodafone Partner) wird betrieben von: telekommunikation-online Gutsch &amp; Co. OHG Autorisierter Vodafone Partner G\u00fcnter-Klapproth-Weg 20 38259 Salzgitter Fehler oder Feedback zu unserer Webseite hier melden Kontaktm\u00f6glichkeiten f\u00fcr Neukunden und Bestandskunden telekommunikation-online Gutsch &amp; Co. OHG &#8211; Betreiber von Tarife-Aktionen.de\/Vodafone Registernummer: HRA 14027 Registergericht: Amtsgericht Braunschweig Umsatzsteuer-Identifikationsnummer gem. \u00a7 &hellip; <a href=\"https:\/\/tarife-aktionen.de\/vodafone\/impressum\" class=\"more-link\"><span class=\"screen-reader-text\">Impressum<\/span> weiterlesen <span class=\"meta-nav\">&rarr;<\/span><\/a><\/p>\n","protected":false},"author":30,"featured_media":0,"parent":0,"menu_order":999998,"comment_status":"closed","ping_status":"closed","template":"","meta":{"footnotes":""},"class_list":["post-79","page","type-page","status-publish","hentry"],"_links":{"self":[{"href":"https:\/\/tarife-aktionen.de\/vodafone\/wp-json\/wp\/v2\/pages\/79","targetHints":{"allow":["GET"]}}],"collection":[{"href":"https:\/\/tarife-aktionen.de\/vodafone\/wp-json\/wp\/v2\/pages"}],"about":[{"href":"https:\/\/tarife-aktionen.de\/vodafone\/wp-json\/wp\/v2\/types\/page"}],"author":[{"embeddable":true,"href":"https:\/\/tarife-aktionen.de\/vodafone\/wp-json\/wp\/v2\/users\/30"}],"replies":[{"embeddable":true,"href":"https:\/\/tarife-aktionen.de\/vodafone\/wp-json\/wp\/v2\/comments?post=79"}],"version-history":[{"count":5,"href":"https:\/\/tarife-aktionen.de\/vodafone\/wp-json\/wp\/v2\/pages\/79\/revisions"}],"predecessor-version":[{"id":5928,"href":"https:\/\/tarife-aktionen.de\/vodafone\/wp-json\/wp\/v2\/pages\/79\/revisions\/5928"}],"wp:attachment":[{"href":"https:\/\/tarife-aktionen.de\/vodafone\/wp-json\/wp\/v2\/media?parent=79"}],"curies":[{"name":"wp","href":"https:\/\/api.w.org\/{rel}","templated":true}]}}