{"id":790,"date":"2016-01-22T00:01:23","date_gmt":"2016-01-21T23:01:23","guid":{"rendered":"https:\/\/tarife-aktionen.de\/vodafone\/?page_id=790"},"modified":"2023-10-22T21:24:00","modified_gmt":"2023-10-22T19:24:00","slug":"verfuegbarkeit","status":"publish","type":"page","link":"https:\/\/tarife-aktionen.de\/vodafone\/zuhause\/verfuegbarkeit","title":{"rendered":"Vodafone Verf\u00fcgbarkeit Zuhause Tarife: DSL, VDSL, Kabel, LTE"},"content":{"rendered":"<p><a title=\"Vodafone Breitband Internet Verf\u00fcgbarkeit pr\u00fcfen\" href=\"https:\/\/tarife-aktionen.de\/vodafone\/zum-anbieter\/vodafone-festnetz\/vodafone-festnetz-check\" target=\"_blank\" rel=\"noopener\"><img decoding=\"async\" class=\"alignright size-full wp-image-730\" src=\"https:\/\/tarife-aktionen.de\/vodafone\/inhalte\/2016\/01\/vodafone-breitband-verfuegbarkeit-pruefen.png\" alt=\"Vodafone Breitband Internet Verf\u00fcgbarkeit pr\u00fcfen\" width=\"150\" height=\"200\" srcset=\"https:\/\/tarife-aktionen.de\/vodafone\/inhalte\/2016\/01\/vodafone-breitband-verfuegbarkeit-pruefen.png 150w, https:\/\/tarife-aktionen.de\/vodafone\/inhalte\/2016\/01\/vodafone-breitband-verfuegbarkeit-pruefen-80x107.png 80w\" sizes=\"(max-width: 150px) 100vw, 150px\" \/><\/a>Die <span class=\"farbig\">Vodafone Verf\u00fcgbarkeit<\/span>\u00a0f\u00fcr Breitband Internet Zuhause\u00a0(<a title=\"Vodafone Kabel Verf\u00fcgbarkeit pr\u00fcfen (Internet, Telefon, TV)\" href=\"https:\/\/tarife-aktionen.de\/vodafone\/kabel-deutschland\/verfuegbarkeit-check-vodafone-kabel\">Kabel<\/a>, <a title=\"Vodafone DSL Verf\u00fcgbarkeit pr\u00fcfen (DSL Verf\u00fcgbarkeitscheck)\" href=\"https:\/\/tarife-aktionen.de\/vodafone\/dsl\/verfuegbarkeit-check-karte-netzausbau-vodafone-dsl\">DSL<\/a>, <a title=\"Vodafone VDSL Verf\u00fcgbarkeit pr\u00fcfen (Verf\u00fcgbarkeitscheck)\" href=\"https:\/\/tarife-aktionen.de\/vodafone\/vdsl\/verfuegbarkeit-check-karte-netzausbau-vodafone-vdsl\">VDSL<\/a>, <a title=\"Vodafone Zuhause LTE Verf\u00fcgbarkeit pr\u00fcfen (DSL Alternative)\" href=\"https:\/\/tarife-aktionen.de\/vodafone\/zuhause\/lte\/verfuegbarkeit\">LTE<\/a> Zuhause) h\u00e4ngt von diversen Faktoren wie Netzausbau, L\u00e4nge der Leitung und mehr ab. <strong>Verf\u00fcgbarkeit hier pr\u00fcfen<\/strong>:<\/p>\n<ul class=\"desktop-tablet\">\n<li><strong><a title=\"Vodafone Breitband Internet Verf\u00fcgbarkeit online pr\u00fcfen\" href=\"https:\/\/tarife-aktionen.de\/vodafone\/zum-anbieter\/vodafone-festnetz\/vodafone-festnetz-check\" target=\"_blank\" rel=\"noopener\">Vodafone Verf\u00fcgbarkeit online pr\u00fcfen<\/a>:<\/strong>\n<ul>\n<li><a title=\"Vodafone Kabel Internet Verf\u00fcgbarkeit online pr\u00fcfen\" href=\"https:\/\/tarife-aktionen.de\/vodafone\/zum-anbieter\/vodafone-kabel\/vodafone-festnetz-kabel-check\" target=\"_blank\" rel=\"noopener\"><strong>Vodafone Kabel<\/strong> Verf\u00fcgbarkeit<\/a> (fr\u00fcher Kabel Deutschland)<\/li>\n<li><a title=\"Vodafone VDSL Verf\u00fcgbarkeit online pr\u00fcfen\" href=\"https:\/\/tarife-aktionen.de\/vodafone\/zum-anbieter\/vodafone-dsl\/vodafone-festnetz-dsl-check\" target=\"_blank\" rel=\"noopener\"><strong>Vodafone VDSL<\/strong> Verf\u00fcgbarkeit<\/a> (Highspeed DSL Anschluss)<\/li>\n<li><a title=\"Vodafone DSL Verf\u00fcgbarkeit online pr\u00fcfen\" href=\"https:\/\/tarife-aktionen.de\/vodafone\/zum-anbieter\/vodafone-dsl\/vodafone-festnetz-dsl-check\" target=\"_blank\" rel=\"noopener\"><strong>Vodafone DSL<\/strong> Verf\u00fcgbarkeit<\/a> pr\u00fcfen (Internetanschluss)<\/li>\n<li><a title=\"Vodafone LTE Verf\u00fcgbarkeit online pr\u00fcfen\" href=\"https:\/\/tarife-aktionen.de\/vodafone\/zum-anbieter\/vodafone-gigacube\/vodafone-gigacube-check\" target=\"_blank\" rel=\"noopener\"><strong>Vodafone LTE<\/strong> Verf\u00fcgbarkeit<\/a> (wenn kein Kabel \/ DSL verf\u00fcgbar)<\/li>\n<\/ul>\n<\/li>\n<li>Vodafone Verf\u00fcgbarkeit Breitband Internet\u00a0<span class=\"farbig\">telefonisch<\/span> unter\u00a0<strong><a href=\"tel:+4939434099929\" onclick=\"ga('send', 'event', 'hotline', 'hotline-content', 'hotline-content-ohne-zeit');\">0 39 43 \/ 40 999 29<\/a><\/strong> erfragen oder unseren\u00a0<a title=\"Vodafone Verf\u00fcgbarkeit Kabel \/ DSL \/ LTE telefonisch pr\u00fcfen\" href=\"https:\/\/tarife-aktionen.de\/vodafone\/zuhause\/verfuegbarkeit\/telefonisch-pruefen\">R\u00fcckruf-Service<\/a>\u00a0(kostenlos und unverbindlich) nutzen.<\/li>\n<li><a title=\"Schriftliche Anfrage Vodafone Verf\u00fcgbarkeit Kabel, DSL, LTE\" href=\"https:\/\/tarife-aktionen.de\/vodafone\/zuhause\/verfuegbarkeit\/schriftliche-anfrage\"><strong>Schriftliche Anfrage zur Vodafone Breitband Internet\u00a0Verf\u00fcgbarkeit<\/strong><\/a><\/li>\n<\/ul>\n<ul class=\"smartphone\">\n<li><strong><a title=\"Vodafone Breitband Internet Verf\u00fcgbarkeit online pr\u00fcfen\" href=\"https:\/\/tarife-aktionen.de\/vodafone\/zum-anbieter\/vodafone-festnetz\/vodafone-festnetz-check\" target=\"_blank\" rel=\"noopener\">Verf\u00fcgbarkeit online pr\u00fcfen<\/a><\/strong>\n<ul>\n<li><a title=\"Vodafone Kabel Internet Verf\u00fcgbarkeit online pr\u00fcfen\" href=\"https:\/\/tarife-aktionen.de\/vodafone\/zum-anbieter\/vodafone-kabel\/vodafone-festnetz-kabel-check\" target=\"_blank\" rel=\"noopener\"><strong>Vodafone Kabel<\/strong> Verf\u00fcgbarkeit<\/a><\/li>\n<li><a title=\"Vodafone VDSL Verf\u00fcgbarkeit online pr\u00fcfen\" href=\"https:\/\/tarife-aktionen.de\/vodafone\/zum-anbieter\/vodafone-dsl\/vodafone-festnetz-dsl-check\" target=\"_blank\" rel=\"noopener\"><strong>Vodafone VDSL<\/strong> Verf\u00fcgbarkeit<\/a><\/li>\n<li><a title=\"Vodafone DSL Verf\u00fcgbarkeit online pr\u00fcfen\" href=\"https:\/\/tarife-aktionen.de\/vodafone\/zum-anbieter\/vodafone-dsl\/vodafone-festnetz-dsl-check\" target=\"_blank\" rel=\"noopener\"><strong>Vodafone DSL<\/strong> Verf\u00fcgbarkeit<\/a><\/li>\n<li><a title=\"Vodafone LTE Verf\u00fcgbarkeit online pr\u00fcfen\" href=\"https:\/\/tarife-aktionen.de\/vodafone\/zum-anbieter\/vodafone-gigacube\/vodafone-gigacube-check\" target=\"_blank\" rel=\"noopener\"><strong>Vodafone LTE<\/strong> Verf\u00fcgbarkeit<\/a><\/li>\n<\/ul>\n<\/li>\n<li>Vodafone Verf\u00fcgbarkeit <span class=\"farbig\">telefonisch<\/span> unter <strong><a href=\"tel:+4939434099929\" onclick=\"ga('send', 'event', 'hotline', 'hotline-content', 'hotline-content-ohne-zeit');\">0 39 43 \/ 40 999 29<\/a><\/strong> erfragen oder <a title=\"Vodafone Verf\u00fcgbarkeit Kabel \/ DSL \/ LTE telefonisch pr\u00fcfen\" href=\"https:\/\/tarife-aktionen.de\/vodafone\/zuhause\/verfuegbarkeit\/telefonisch-pruefen\">R\u00fcckruf-Service<\/a> nutzen.<\/li>\n<li><a title=\"Schriftliche Anfrage Vodafone Verf\u00fcgbarkeit Kabel, DSL, LTE\" href=\"https:\/\/tarife-aktionen.de\/vodafone\/zuhause\/verfuegbarkeit\/schriftliche-anfrage\"><strong>Schriftliche Anfrage Verf\u00fcgbarkeit<\/strong><\/a><\/li>\n<\/ul>\n<p>Wenn die Vodafone\u00a0Verf\u00fcgbarkeit der <strong>Breitband Internet<\/strong> Tarife f\u00fcr Zuhause\u00a0gegeben ist, k\u00f6nnen Sie sich f\u00fcr einen der vielen g\u00fcnstigen <a title=\"Vodafone Zuhause Tarife: DSL, VDSL, Kabel, LTE, TV, Telefon\" href=\"https:\/\/tarife-aktionen.de\/vodafone\/zuhause\">Vodafone Festnetz<\/a> Tarife\u00a0entscheiden.<\/p>\n<h2><span class=\"desktop-tablet\">Vodafone\u00a0ist verf\u00fcgbar?\u00a0<span class=\"farbig\">Tarif\u00fcbersicht<\/span>\u00a0Breitband Internet Tarife\u00a0<\/span><span class=\"smartphone\">Vodafone verf\u00fcgbar? <span class=\"farbig\">Tarif\u00fcbersicht:<\/span><\/span><\/h2>\n<ul>\r\n\t<li><strong><a title=\"Vodafone Kabel Tarife: Internet, Telefon und optional TV\" href=\"https:\/\/tarife-aktionen.de\/vodafone\/zuhause\/kabel\">Kabel Internet, Telefonie und TV<\/a><\/strong> - in 13 Bundesl\u00e4ndern (vorher Kabel Deutschland).<\/li>\r\n\t<li><strong><a title=\"Vodafone VDSL Tarife: Internet, Telefon und optional TV\" href=\"https:\/\/tarife-aktionen.de\/vodafone\/zuhause\/vdsl\">VDSL Internet, Telefonie und TV<\/a><\/strong> - Highspeed Surfen und optional TV und Telefon.<\/li>\r\n\t<li><strong><a title=\"Vodafone DSL Tarife: Internet, Telefon und optional TV\" href=\"https:\/\/tarife-aktionen.de\/vodafone\/zuhause\/dsl\">DSL Internet, Telefonie und TV<\/a><\/strong> - Internet Anschluss und optional Telefon und IPTV.<\/li>\r\n\t<li><strong><a title=\"Vodafone LTE Zuhause Tarife \u2013 Internet und Telefon\" href=\"https:\/\/tarife-aktionen.de\/vodafone\/zuhause\/lte\">LTE Internet & Telefon<\/a><\/strong> - die Alternative, wenn kein Kabel oder DSL verf\u00fcgbar ist.<\/li>\r\n\t<li><a title=\"Vodafone Zuhause Telefon Tarife \u00dcbersicht (ohne Internet)\" href=\"https:\/\/tarife-aktionen.de\/vodafone\/zuhause\/tarifuebersicht\/telefon\"><strong>Telefonanschluss ohne Internet<\/strong><\/a> - g\u00fcnstig zum Telefonieren, z.B. f\u00fcr Senioren.<\/li>\r\n<\/ul>\n<h2><span class=\"desktop-tablet\">Vodafone Verf\u00fcgbarkeit <span class=\"farbig\">online pr\u00fcfen<\/span> (Online-Verf\u00fcgbarkeitscheck) <\/span><span class=\"smartphone\">Vodafone Verf\u00fcgbarkeit <span class=\"farbig\">online pr\u00fcfen<\/span><\/span><\/h2>\n<p><a title=\"Vodafone Breitband Internet Verf\u00fcgbarkeit online pr\u00fcfen\" href=\"https:\/\/tarife-aktionen.de\/vodafone\/zum-anbieter\/vodafone-festnetz\/vodafone-festnetz-check\" target=\"_blank\" rel=\"noopener\"><img decoding=\"async\" class=\"alignright size-full wp-image-1249\" src=\"https:\/\/tarife-aktionen.de\/vodafone\/inhalte\/2016\/01\/vodafone-verfuegbarkeit-pruefen-1.png\" alt=\"Vodafone Verf\u00fcgbarkeit online pr\u00fcfen\" width=\"150\" height=\"30\" srcset=\"https:\/\/tarife-aktionen.de\/vodafone\/inhalte\/2016\/01\/vodafone-verfuegbarkeit-pruefen-1.png 150w, https:\/\/tarife-aktionen.de\/vodafone\/inhalte\/2016\/01\/vodafone-verfuegbarkeit-pruefen-1-80x16.png 80w\" sizes=\"(max-width: 150px) 100vw, 150px\" \/><\/a>Die Onlinepr\u00fcfung der Vodafone Verf\u00fcgbarkeit ist der schnellste Weg um herauszufinden, ob die Vodafone\u00a0Breitband Internet Tarife\u00a0(Kabel, VDSL, DSL oder LTE)\u00a0an Ihrer Anschrift verf\u00fcgbar sind. F\u00fcr den Onlinecheck\u00a0der Vodafone Breitband Verf\u00fcgbarkeit ben\u00f6tigen Sie lediglich Ihre Anschrift \/ Wohnort und Ihre Vorwahl. Im <strong><a title=\"Vodafone Verf\u00fcgbarkeitscheck online\" href=\"https:\/\/tarife-aktionen.de\/vodafone\/zum-anbieter\/vodafone-festnetz\/vodafone-festnetz-check\" target=\"_blank\" rel=\"noopener\">Online-Verf\u00fcgbarkeitscheck<\/a><\/strong> wird Ihnen dann direkt online angezeigt, welche Vodafone Zuhause Tarife an Ihrer Adresse technisch m\u00f6glich bzw. ausgebaut sind.<\/p>\n<h2><span class=\"desktop-tablet\">Vodafone Verf\u00fcgbarkeit<span class=\"farbig\">\u00a0telefonisch pr\u00fcfen<\/span> (auch\u00a0mit Beratung) <\/span><span class=\"smartphone\">Vodafone Verf\u00fcgbarkeit <span class=\"farbig\">telefonisch pr\u00fcfen<\/span><\/span><\/h2>\n<p>Gern \u00fcberpr\u00fcfen wir auch unverbindlich und kostenlos <a title=\"Vodafone Verf\u00fcgbarkeit Kabel \/ DSL \/ LTE telefonisch pr\u00fcfen\" href=\"https:\/\/tarife-aktionen.de\/vodafone\/zuhause\/verfuegbarkeit\/telefonisch-pruefen\"><strong>telefonisch<\/strong><\/a> die Vodafone\u00a0Breitband Internet Verf\u00fcgbarkeit an Ihrer Anschrift. Unsere Mitarbeiter ben\u00f6tigen nur Anschrift und Vorwahl, um einen Verf\u00fcgbarkeitscheck durchzuf\u00fchren. Sollten die Vodafone <strong><a title=\"Vodafone Tarif\u00fcbersicht Zuhause (Festnetz-Anschluss)\" href=\"https:\/\/tarife-aktionen.de\/vodafone\/zuhause\/tarifuebersicht\">Zuhause\u00a0Tarife<\/a><\/strong> bei Ihnen verf\u00fcgbar sein, beraten wir Sie gern auch am Telefon, welches der Angebote am besten zu Ihnen passt. Nutzen Sie einfach unseren <strong><a title=\"Vodafone Verf\u00fcgbarkeit Kabel \/ DSL \/ LTE telefonisch pr\u00fcfen\" href=\"https:\/\/tarife-aktionen.de\/vodafone\/zuhause\/verfuegbarkeit\/telefonisch-pruefen\">R\u00fcckrufservice<\/a><\/strong> oder rufen Sie direkt an:<\/p>\n<p><span class=\"desktop-tablet\"><strong>Tel.<\/strong>\u00a0<strong><a href=\"tel:+4939434099929\" onclick=\"ga('send', 'event', 'hotline', 'hotline-content', 'hotline-content-mit-zeit');\">0 39 43 \/ 40 999 29<\/a><\/strong> (Mo.-Fr. 7:30-22 \/ Sa. 8-22 \/ So. + Feiertag 10-22 Uhr) <\/span><span class=\"smartphone\"><strong>Tel.<\/strong>\u00a0<strong><a href=\"tel:+4939434099929\" onclick=\"ga('send', 'event', 'hotline', 'hotline-content', 'hotline-content-mit-zeit');\">0 39 43 \/ 40 999 29<\/a><\/strong> (Mo.-Fr. 7:30-22 \/ Sa. 8-22 \/ So. + Feiertag 10-22 Uhr)<\/span><\/p>\n<h2><span class=\"desktop-tablet\">Vodafone Verf\u00fcgbarkeit<span class=\"farbig\">\u00a0schriftliche Anfrage stellen<\/span>\u00a0<\/span><span class=\"smartphone\">Vodafone Verf\u00fcgbarkeit <span class=\"farbig\">schriftliche Anfrage<\/span><\/span><\/h2>\n<p>Auf Wunsch k\u00f6nnen Sie auch eine <strong><a title=\"Schriftliche Anfrage Vodafone Verf\u00fcgbarkeit Kabel, DSL, LTE\" href=\"https:\/\/tarife-aktionen.de\/vodafone\/zuhause\/verfuegbarkeit\/schriftliche-anfrage\">schriftliche Anfrage<\/a><\/strong> zur Vodafone\u00a0Verf\u00fcgbarkeit senden. Wir teilen Ihnen dann per eMail mit, welche <a title=\"Vodafone Zuhause Tarife: DSL, VDSL, Kabel, LTE, TV, Telefon\" href=\"https:\/\/tarife-aktionen.de\/vodafone\/zuhause\">Vodafone Festnetz Tarife<\/a> bei Ihnen m\u00f6glich\u00a0sind.<\/p>\n","protected":false},"excerpt":{"rendered":"<p>Die Vodafone Verf\u00fcgbarkeit\u00a0f\u00fcr Breitband Internet Zuhause\u00a0(Kabel, DSL, VDSL, LTE Zuhause) h\u00e4ngt von diversen Faktoren wie Netzausbau, L\u00e4nge der Leitung und mehr ab. Verf\u00fcgbarkeit hier pr\u00fcfen: Vodafone Verf\u00fcgbarkeit online pr\u00fcfen: Vodafone Kabel Verf\u00fcgbarkeit (fr\u00fcher Kabel Deutschland) Vodafone VDSL Verf\u00fcgbarkeit (Highspeed DSL Anschluss) Vodafone DSL Verf\u00fcgbarkeit pr\u00fcfen (Internetanschluss) Vodafone LTE Verf\u00fcgbarkeit (wenn kein Kabel \/ DSL verf\u00fcgbar) &hellip; <a href=\"https:\/\/tarife-aktionen.de\/vodafone\/zuhause\/verfuegbarkeit\" class=\"more-link\"><span class=\"screen-reader-text\">Vodafone Verf\u00fcgbarkeit Zuhause Tarife: DSL, VDSL, Kabel, LTE<\/span> weiterlesen <span class=\"meta-nav\">&rarr;<\/span><\/a><\/p>\n","protected":false},"author":30,"featured_media":0,"parent":212,"menu_order":100010,"comment_status":"closed","ping_status":"closed","template":"","meta":{"footnotes":""},"class_list":["post-790","page","type-page","status-publish","hentry"],"_links":{"self":[{"href":"https:\/\/tarife-aktionen.de\/vodafone\/wp-json\/wp\/v2\/pages\/790","targetHints":{"allow":["GET"]}}],"collection":[{"href":"https:\/\/tarife-aktionen.de\/vodafone\/wp-json\/wp\/v2\/pages"}],"about":[{"href":"https:\/\/tarife-aktionen.de\/vodafone\/wp-json\/wp\/v2\/types\/page"}],"author":[{"embeddable":true,"href":"https:\/\/tarife-aktionen.de\/vodafone\/wp-json\/wp\/v2\/users\/30"}],"replies":[{"embeddable":true,"href":"https:\/\/tarife-aktionen.de\/vodafone\/wp-json\/wp\/v2\/comments?post=790"}],"version-history":[{"count":5,"href":"https:\/\/tarife-aktionen.de\/vodafone\/wp-json\/wp\/v2\/pages\/790\/revisions"}],"predecessor-version":[{"id":6736,"href":"https:\/\/tarife-aktionen.de\/vodafone\/wp-json\/wp\/v2\/pages\/790\/revisions\/6736"}],"up":[{"embeddable":true,"href":"https:\/\/tarife-aktionen.de\/vodafone\/wp-json\/wp\/v2\/pages\/212"}],"wp:attachment":[{"href":"https:\/\/tarife-aktionen.de\/vodafone\/wp-json\/wp\/v2\/media?parent=790"}],"curies":[{"name":"wp","href":"https:\/\/api.w.org\/{rel}","templated":true}]}}