{"id":989,"date":"2016-01-22T00:01:50","date_gmt":"2016-01-21T23:01:50","guid":{"rendered":"https:\/\/tarife-aktionen.de\/vodafone\/?page_id=989"},"modified":"2019-02-01T19:33:31","modified_gmt":"2019-02-01T18:33:31","slug":"tarifuebersicht","status":"publish","type":"page","link":"https:\/\/tarife-aktionen.de\/vodafone\/zuhause\/tarifuebersicht","title":{"rendered":"Vodafone Tarif\u00fcbersicht Zuhause (Festnetz-Anschluss)"},"content":{"rendered":"<p>Bei Vodafone erhalten Sie g\u00fcnstige <span class=\"farbig\">Zuhause-Tarife<\/span> zum Surfen (Internet via <a title=\"Vodafone DSL Tarife: Internet, Telefon und optional TV\" href=\"https:\/\/tarife-aktionen.de\/vodafone\/zuhause\/dsl\">DSL<\/a>, <a title=\"Vodafone VDSL Tarife: Internet, Telefon und optional TV\" href=\"https:\/\/tarife-aktionen.de\/vodafone\/zuhause\/vdsl\">VDSL<\/a>, <a title=\"Vodafone Kabel Tarife: Internet, Telefon und optional TV\" href=\"https:\/\/tarife-aktionen.de\/vodafone\/zuhause\/kabel\">Kabel<\/a>, <a title=\"Vodafone LTE Zuhause Tarife \u2013 Internet und Telefon\" href=\"https:\/\/tarife-aktionen.de\/vodafone\/zuhause\/lte\">LTE<\/a>), Telefonieren (Telefonanschluss) und Fernsehen (IPTV oder Kabelfernsehen). In unserer Vodafone <span class=\"farbig\">Tarif\u00fcbersicht<\/span> finden auch Sie das passende Angebot:<\/p>\n<ul>\n<li><a title=\"Vodafone Zuhause Internet, Telefon und TV Tarife \u00dcbersicht\" href=\"https:\/\/tarife-aktionen.de\/vodafone\/zuhause\/tarifuebersicht\/internet-telefon-tv\"><strong>Internet, Telefon und TV<\/strong><\/a> &#8211; <strong>Kombi-Pakete<\/strong> zum Surfen, Telefonieren und Fernsehen (3play).<\/li>\n<li><a title=\"Vodafone Zuhause Internet und Telefon Tarife \u00dcbersicht\" href=\"https:\/\/tarife-aktionen.de\/vodafone\/zuhause\/tarifuebersicht\/internet-telefon\"><strong>Internet und Telefon<\/strong><\/a>\u00a0&#8211; g\u00fcnstige <strong>Doppelflat<\/strong> Tarife zum Surfen und Telefonieren.<\/li>\n<li><a title=\"Vodafone Zuhause Internet und Fernsehen Tarife \u00dcbersicht\" href=\"https:\/\/tarife-aktionen.de\/vodafone\/zuhause\/tarifuebersicht\/internet-fernsehen\"><strong>Internet und TV<\/strong><\/a> &#8211; Surfen und Fernsehen f\u00fcr alle, die keine Telefonflat ben\u00f6tigen.<\/li>\n<li><a title=\"Vodafone Zuhause Internet Tarife \u00dcbersicht (ohne Telefonie)\" href=\"https:\/\/tarife-aktionen.de\/vodafone\/zuhause\/tarifuebersicht\/internet\"><strong>Internet<\/strong><\/a> &#8211; g\u00fcnstige Internetanschl\u00fcsse ohne Telefonie und ohne Fernsehen.<\/li>\n<li><strong><a title=\"Vodafone Zuhause Telefon Tarife \u00dcbersicht (ohne Internet)\" href=\"https:\/\/tarife-aktionen.de\/vodafone\/zuhause\/tarifuebersicht\/telefon\">Telefon<\/a><\/strong> &#8211; preiswerte Telefonanschluss Tarife ohne Internetzugang.<\/li>\n<li><a title=\"Vodafone Zuhause Fernsehen \/ TV Tarife \u00dcbersicht\" href=\"https:\/\/tarife-aktionen.de\/vodafone\/zuhause\/tarifuebersicht\/fernsehen-tv\"><strong>Fernsehen<\/strong><\/a> &#8211; Kabelfernsehen Tarife (ehemals Kabel Deutschland).<\/li>\n<\/ul>\n<h2>Vodafone Zuhause Tarife \u00fcber <span class=\"farbig\">DSL \/ VDSL, Kabel oder LTE<\/span><\/h2>\n<p>Welche Vodafone Zuhause Tarife zum Telefonieren, Surfen und Fernsehen bei Ihnen <strong><a title=\"Vodafone Verf\u00fcgbarkeit Zuhause Tarife: DSL, VDSL, Kabel, LTE\" href=\"https:\/\/tarife-aktionen.de\/vodafone\/zuhause\/verfuegbarkeit\">verf\u00fcgbar<\/a><\/strong> sind ist abh\u00e4ngig vom <a title=\"Vodafone Verf\u00fcgbarkeit Zuhause Tarife: DSL, VDSL, Kabel, LTE\" href=\"https:\/\/tarife-aktionen.de\/vodafone\/zuhause\/verfuegbarkeit\">Vodafone Netzausbau<\/a>\u00a0(Festnetz oder Mobilfunk Verf\u00fcgbarkeit). Die <strong>Verf\u00fcgbarkeit<\/strong> k\u00f6nnen Sie hier online pr\u00fcfen: <strong><a title=\"Vodafone Kabel Verf\u00fcgbarkeit pr\u00fcfen (Internet, Telefon, TV)\" href=\"https:\/\/tarife-aktionen.de\/vodafone\/kabel-deutschland\/verfuegbarkeit-check-vodafone-kabel\">Kabel<\/a><\/strong> \/ <strong><a title=\"Vodafone VDSL Verf\u00fcgbarkeit pr\u00fcfen (Verf\u00fcgbarkeitscheck)\" href=\"https:\/\/tarife-aktionen.de\/vodafone\/vdsl\/verfuegbarkeit-check-karte-netzausbau-vodafone-vdsl\">VDSL<\/a><\/strong> \/ <strong><a title=\"Vodafone DSL Verf\u00fcgbarkeit pr\u00fcfen (DSL Verf\u00fcgbarkeitscheck)\" href=\"https:\/\/tarife-aktionen.de\/vodafone\/dsl\/verfuegbarkeit-check-karte-netzausbau-vodafone-dsl\">DSL<\/a><\/strong> \/ <strong><a title=\"Vodafone Zuhause LTE Verf\u00fcgbarkeit pr\u00fcfen (DSL Alternative)\" href=\"https:\/\/tarife-aktionen.de\/vodafone\/zuhause\/lte\/verfuegbarkeit\">LTE Zuhause<\/a><\/strong>.<\/p>\n<ul>\n<li><a title=\"Vodafone Kabel Tarife: Internet, Telefon und optional TV\" href=\"https:\/\/tarife-aktionen.de\/vodafone\/zuhause\/kabel\"><strong>Vodafone Kabel Tarife<\/strong><\/a> &#8211; in 13 Bundesl\u00e4ndern verf\u00fcgbar (ehemals <strong>Kabel Deutschland<\/strong> Netz).<\/li>\n<li><a title=\"Vodafone VDSL Tarife: Internet, Telefon und optional TV\" href=\"https:\/\/tarife-aktionen.de\/vodafone\/zuhause\/vdsl\"><strong>Vodafone VDSL Tarife<\/strong><\/a> &#8211; Highspeed Festnetz Anschluss \u00fcber die Telefonleitung.<\/li>\n<li><a title=\"Vodafone DSL Tarife: Internet, Telefon und optional TV\" href=\"https:\/\/tarife-aktionen.de\/vodafone\/zuhause\/dsl\"><strong>Vodafone DSL Tarife<\/strong><\/a> &#8211; Internet bis 16 MBit\/s, Telefonanschluss und optional IPTV.<\/li>\n<li><a title=\"Vodafone LTE Zuhause Tarife \u2013 Internet und Telefon\" href=\"https:\/\/tarife-aktionen.de\/vodafone\/zuhause\/lte\"><strong>Vodafone Zuhause LTE<\/strong><\/a> &#8211; surfen \u00fcber das Mobilfunk Netz als Alternative zu Kabel \/ DSL.<\/li>\n<\/ul>\n","protected":false},"excerpt":{"rendered":"<p>Bei Vodafone erhalten Sie g\u00fcnstige Zuhause-Tarife zum Surfen (Internet via DSL, VDSL, Kabel, LTE), Telefonieren (Telefonanschluss) und Fernsehen (IPTV oder Kabelfernsehen). In unserer Vodafone Tarif\u00fcbersicht finden auch Sie das passende Angebot: Internet, Telefon und TV &#8211; Kombi-Pakete zum Surfen, Telefonieren und Fernsehen (3play). Internet und Telefon\u00a0&#8211; g\u00fcnstige Doppelflat Tarife zum Surfen und Telefonieren. Internet und &hellip; <a href=\"https:\/\/tarife-aktionen.de\/vodafone\/zuhause\/tarifuebersicht\" class=\"more-link\"><span class=\"screen-reader-text\">Vodafone Tarif\u00fcbersicht Zuhause (Festnetz-Anschluss)<\/span> weiterlesen <span class=\"meta-nav\">&rarr;<\/span><\/a><\/p>\n","protected":false},"author":28,"featured_media":0,"parent":212,"menu_order":100100,"comment_status":"closed","ping_status":"closed","template":"","meta":{"footnotes":""},"class_list":["post-989","page","type-page","status-publish","hentry"],"_links":{"self":[{"href":"https:\/\/tarife-aktionen.de\/vodafone\/wp-json\/wp\/v2\/pages\/989","targetHints":{"allow":["GET"]}}],"collection":[{"href":"https:\/\/tarife-aktionen.de\/vodafone\/wp-json\/wp\/v2\/pages"}],"about":[{"href":"https:\/\/tarife-aktionen.de\/vodafone\/wp-json\/wp\/v2\/types\/page"}],"author":[{"embeddable":true,"href":"https:\/\/tarife-aktionen.de\/vodafone\/wp-json\/wp\/v2\/users\/28"}],"replies":[{"embeddable":true,"href":"https:\/\/tarife-aktionen.de\/vodafone\/wp-json\/wp\/v2\/comments?post=989"}],"version-history":[{"count":3,"href":"https:\/\/tarife-aktionen.de\/vodafone\/wp-json\/wp\/v2\/pages\/989\/revisions"}],"predecessor-version":[{"id":5687,"href":"https:\/\/tarife-aktionen.de\/vodafone\/wp-json\/wp\/v2\/pages\/989\/revisions\/5687"}],"up":[{"embeddable":true,"href":"https:\/\/tarife-aktionen.de\/vodafone\/wp-json\/wp\/v2\/pages\/212"}],"wp:attachment":[{"href":"https:\/\/tarife-aktionen.de\/vodafone\/wp-json\/wp\/v2\/media?parent=989"}],"curies":[{"name":"wp","href":"https:\/\/api.w.org\/{rel}","templated":true}]}}