{"id":994,"date":"2016-01-22T00:01:08","date_gmt":"2016-01-21T23:01:08","guid":{"rendered":"https:\/\/tarife-aktionen.de\/vodafone\/?page_id=994"},"modified":"2018-08-08T15:23:40","modified_gmt":"2018-08-08T13:23:40","slug":"internet-telefon","status":"publish","type":"page","link":"https:\/\/tarife-aktionen.de\/vodafone\/zuhause\/tarifuebersicht\/internet-telefon","title":{"rendered":"Vodafone Zuhause Internet und Telefon Tarife \u00dcbersicht"},"content":{"rendered":"<p>Bei Vodafone erhalten Sie g\u00fcnstige <span class=\"farbig\">Doppelflat Pakete (2play)<\/span>\u00a0zum Surfen und Telefonieren. Abh\u00e4ngig von der\u00a0<strong><a title=\"Vodafone Verf\u00fcgbarkeit Zuhause Tarife: DSL, VDSL, Kabel, LTE\" href=\"https:\/\/tarife-aktionen.de\/vodafone\/zuhause\/verfuegbarkeit\">Verf\u00fcgbarkeit<\/a><\/strong>\u00a0erhalten Sie die Vodafone Internet\u00a0und Telefon\u00a0Tarife als <a title=\"Vodafone Kabel Tarife: Internet, Telefon und optional TV\" href=\"https:\/\/tarife-aktionen.de\/vodafone\/zuhause\/kabel\">Kabel<\/a>,\u00a0<a title=\"Vodafone DSL Tarife: Internet, Telefon und optional TV\" href=\"https:\/\/tarife-aktionen.de\/vodafone\/zuhause\/dsl\">DSL<\/a>, <a title=\"Vodafone VDSL Tarife: Internet, Telefon und optional TV\" href=\"https:\/\/tarife-aktionen.de\/vodafone\/zuhause\/vdsl\">VDSL<\/a>\u00a0oder <a title=\"Vodafone LTE Zuhause Tarife \u2013 Internet und Telefon\" href=\"https:\/\/tarife-aktionen.de\/vodafone\/zuhause\/lte\">LTE<\/a>\u00a0Anschluss geschaltet. <span class=\"farbig\">Tarif\u00fcbersicht:<\/span><\/p>\n<ul>\n<li><strong><a title=\"Vodafone Kabel Internet und Telefon (Doppelflat Tarife)\" href=\"https:\/\/tarife-aktionen.de\/vodafone\/festnetz\/vodafone-red-internet-phone-cable-kabel-tarife\">Kabel Internet\u00a0&amp; Telefon<\/a><\/strong>\u00a0&#8211;\u00a0in 13 Bundesl\u00e4ndern (vorher\u00a0<strong>Kabel Deutschland<\/strong> Netz).<\/li>\n<li><strong><a title=\"Vodafone VDSL Tarife mit Internet und Telefon (Doppelflat)\" href=\"https:\/\/tarife-aktionen.de\/vodafone\/festnetz\/vodafone-red-internet-phone-dsl-tarife\">VDSL Internet\u00a0&amp; Telefon<\/a><\/strong>\u00a0&#8211; Highspeed Surfen mit VDSL Vectoring sowie Telefonflat.<\/li>\n<li><strong><a title=\"Vodafone DSL Tarife mit Internet und Telefon (Doppelflat)\" href=\"https:\/\/tarife-aktionen.de\/vodafone\/festnetz\/vodafone-red-internet-phone-dsl-tarife\">DSL Internet\u00a0&amp; Telefon<\/a><\/strong>\u00a0&#8211; klassischer\u00a0DSL Anschluss mit Internet- &amp; Telefonflat.<\/li>\n<li><a title=\"Vodafone LTE Zuhause Internet &amp; Telefon Tarife (Doppelflat)\" href=\"https:\/\/tarife-aktionen.de\/vodafone\/zuhause\/lte\/internet-telefon\"><strong>LTE Internet &amp; Telefon<\/strong><\/a> &#8211; \u00fcber das Mobilfunk-Netz (wo kein DSL \/ Kabel m\u00f6glich ist).<\/li>\n<\/ul>\n<p><em>Neben <strong>Internet &amp; Telefon<\/strong>\u00a0erhalten Sie bei Vodafone auch diese Tarifvarianten:<\/em><\/p>\n<ul>\n<li><a title=\"Vodafone Zuhause Internet, Telefon und TV Tarife \u00dcbersicht\" href=\"https:\/\/tarife-aktionen.de\/vodafone\/zuhause\/tarifuebersicht\/internet-telefon-tv\"><strong>Internet, Telefon und TV<\/strong><\/a> &#8211; <strong>Kombi-Pakete<\/strong>\u00a0(3play) zum Surfen, Telefonieren und Fernsehen.<\/li>\n<li><a title=\"Vodafone Zuhause Internet und Fernsehen Tarife \u00dcbersicht\" href=\"https:\/\/tarife-aktionen.de\/vodafone\/zuhause\/tarifuebersicht\/internet-fernsehen\"><strong>Internet und TV<\/strong><\/a> &#8211; Surfen und Fernsehen f\u00fcr alle, die keine Telefonflat ben\u00f6tigen.<\/li>\n<\/ul>\n<h2>Vodafone <span class=\"farbig\">Kabel<\/span> Internet\u00a0und Telefon\u00a0Tarife \u00dcbersicht (2play)<\/h2>\n<p>Das Vodafone Kabelnetz (ehemals <strong>Kabel Deutschland<\/strong>) ist in 13 Bundesl\u00e4ndern ausgebaut. Wenn <strong><a title=\"Vodafone Kabel Verf\u00fcgbarkeit pr\u00fcfen (Internet, Telefon, TV)\" href=\"https:\/\/tarife-aktionen.de\/vodafone\/kabel-deutschland\/verfuegbarkeit-check-vodafone-kabel\">Kabel verf\u00fcgbar<\/a><\/strong> ist,\u00a0k\u00f6nnen Sie besonders\u00a0g\u00fcnstige und schnelle Angebote\u00a0erhalten:<\/p>\n<ul>\n<li><a title=\"Vodafone Internet &amp; Phone Kabel 200 V (VDSL Alternative)\" href=\"https:\/\/tarife-aktionen.de\/vodafone\/kabel-tarife\/vodafone-red-internet-phone-200-cable\"><strong>Internet &amp; Phone Kabel 200 V<\/strong><\/a> &#8211; Internet bis 200 Mbit\/s (bis 1000 GB) sowie Telefonflat.<\/li>\n<li><a title=\"Vodafone Internet &amp; Phone Kabel 100 (VDSL Alternative)\" href=\"https:\/\/tarife-aktionen.de\/vodafone\/kabel-tarife\/vodafone-red-internet-phone-100-cable\"><strong>Internet &amp; Phone Kabel 100<\/strong><\/a> &#8211; Highspeed Kabel Internetflat und Telefonflat.<\/li>\n<li><a title=\"Vodafone Internet &amp; Phone Kabel 50 (VDSL Alternative)\" href=\"https:\/\/tarife-aktionen.de\/vodafone\/archiv-kabel-tarife\/vodafone-red-internet-phone-50-cable\"><strong>Internet &amp; Phone Kabel 50<\/strong><\/a> &#8211; g\u00fcnstiger Kabel Doppelflat Tarif f\u00fcr Zuhause.<\/li>\n<li><a title=\"Vodafone Internet &amp; Phone Kabel 25 (DSL Alternative)\" href=\"https:\/\/tarife-aktionen.de\/vodafone\/archiv-kabel-tarife\/vodafone-red-internet-phone-25-cable\"><strong>Internet &amp; Phone Kabel 25<\/strong><\/a> &#8211; preiswerte Kabel Internetflat und Telefonflat.<\/li>\n<li><a title=\"Vodafone Internet &amp; Phone Kabel 10 (DSL Alternative)\" href=\"https:\/\/tarife-aktionen.de\/vodafone\/archiv-kabel-tarife\/vodafone-red-internet-phone-10-cable\"><strong>Internet &amp; Phone Kabel 10<\/strong><\/a> &#8211; g\u00fcnstiger Einsteigertarif mit Doppelflat.<\/li>\n<\/ul>\n<h2>Vodafone <span class=\"farbig\">VDSL<\/span>\u00a0Internet\u00a0und Telefon\u00a0Tarife \u00dcbersicht (2play)<\/h2>\n<p>Dort wo kein Vodafone Kabel-Netz ausgebaut, aber das\u00a0<strong><a title=\"Vodafone VDSL Verf\u00fcgbarkeit pr\u00fcfen (Verf\u00fcgbarkeitscheck)\" href=\"https:\/\/tarife-aktionen.de\/vodafone\/vdsl\/verfuegbarkeit-check-karte-netzausbau-vodafone-vdsl\">Vodafone VDSL Netz verf\u00fcgbar<\/a><\/strong> ist, erhalten Sie ebenfalls g\u00fcnstige Doppelflat Komplettpakete zum Surfe und Telefonieren:<\/p>\n<ul>\n<li><a title=\"Vodafone Internet &amp; Phone DSL 100 (VDSL Anschluss)\" href=\"https:\/\/tarife-aktionen.de\/vodafone\/dsl-tarife\/vodafone-red-internet-phone-100-dsl-vdsl\"><strong>Internet &amp; Phone DSL 100<\/strong><\/a> &#8211; VDSL Vectoring (Highspeed Surfen) und Telefonflat.<\/li>\n<li><a title=\"Vodafone Internet &amp; Phone DSL 50 (VDSL Anschluss)\" href=\"https:\/\/tarife-aktionen.de\/vodafone\/dsl-tarife\/vodafone-red-internet-phone-50-dsl-vdsl\"><strong>Internet &amp; Phone DSL 50<\/strong><\/a> &#8211; G\u00fcnstiger und schneller Doppelflat Tarif mit VDSL.<\/li>\n<li><a title=\"Vodafone Internet &amp; Phone DSL 25 (VDSL Anschluss)\" href=\"https:\/\/tarife-aktionen.de\/vodafone\/archiv-dsl-tarife\/vodafone-internet-phone-dsl-25-vdsl\"><strong>Internet &amp; Phone DSL 25<\/strong><\/a> &#8211; VDSL Einsteigertarif (wo kein VDSL 50 verf\u00fcgbar ist).<\/li>\n<\/ul>\n<h2>Vodafone <span class=\"farbig\">DSL<\/span>\u00a0Internet\u00a0und Phone\u00a0Tarife \u00dcbersicht (2play)<\/h2>\n<p>Wenn Vodafone Kabel oder VDSL nicht ausgebaut, aber\u00a0<strong><a title=\"Vodafone DSL Verf\u00fcgbarkeit pr\u00fcfen (DSL Verf\u00fcgbarkeitscheck)\" href=\"https:\/\/tarife-aktionen.de\/vodafone\/dsl\/verfuegbarkeit-check-karte-netzausbau-vodafone-dsl\">Vodafone DSL verf\u00fcgbar<\/a><\/strong>\u00a0ist, k\u00f6nnen Sie\u00a0ebenfalls g\u00fcnstige Internet und Telefon (Phone) Tarife erhalten:<\/p>\n<ul>\n<li><a title=\"Vodafone Internet &amp; Phone DSL 16 \u2013 Doppelflat Tarif\" href=\"https:\/\/tarife-aktionen.de\/vodafone\/dsl-tarife\/vodafone-red-internet-phone-16-dsl\"><strong>Internet &amp; Phone DSL 16<\/strong><\/a> &#8211; der klassische DSL Anschluss mit Internet- und Telefonflat.<\/li>\n<li><a title=\"Vodafone Internet &amp; Phone DSL 6 (Internetflat &amp; Telefonflat)\" href=\"https:\/\/tarife-aktionen.de\/vodafone\/archiv-dsl-tarife\/vodafone-red-internet-phone-6-dsl\"><strong>Internet &amp; Phone DSL 6<\/strong><\/a> &#8211; Einsteiger DSL Anschluss mit Internetflat und Telefonflat.<\/li>\n<\/ul>\n<h2>Vodafone <span class=\"farbig\">LTE<\/span>\u00a0Internet\u00a0und Telefon\u00a0Tarife \u00dcbersicht (2play)<\/h2>\n<p>Vodafone Kabel, VDSL oder DSL sind\u00a0nicht verf\u00fcgbar und Sie suchen einen bezahlbaren Doppelflat Tarif f\u00fcr Zuhause? Wenn <strong><a title=\"Vodafone Zuhause LTE Verf\u00fcgbarkeit pr\u00fcfen (DSL Alternative)\" href=\"https:\/\/tarife-aktionen.de\/vodafone\/zuhause\/lte\/verfuegbarkeit\">Vodafone LTE verf\u00fcgbar<\/a><\/strong> ist, erhalten Sie diese Tarife:<\/p>\n<ul>\n<li><a title=\"Vodafone LTE Zuhause L \u2013 Telefon &amp; Internet 50000 Tarif\" href=\"https:\/\/tarife-aktionen.de\/vodafone\/zuhause\/lte\/l-telefon-internet-50000\"><strong>Telefon &amp; Internet LTE 50000<\/strong><\/a> &#8211; bis 50 MBit\/s (30 GB) Flat surfen und telefonieren.<\/li>\n<li><a title=\"Vodafone LTE Zuhause M \u2013 Telefon &amp; Internet 21600 Tarif\" href=\"https:\/\/tarife-aktionen.de\/vodafone\/zuhause\/lte\/m-telefon-internet-21600\"><strong>Telefon &amp; Internet LTE 21600<\/strong><\/a> &#8211; bis 21,6 MBit\/s (15 GB) per Flatrate Surfen und anrufen.<\/li>\n<li><a title=\"Vodafone LTE Zuhause \u2013 Telefon &amp; Internet 7200 Tarif\" href=\"https:\/\/tarife-aktionen.de\/vodafone\/zuhause\/lte\/telefon-internet-7200\"><strong>Telefon &amp; Internet LTE 7200<\/strong><\/a> &#8211; bis 7,2 MBit\/s (10 GB) im Netz surfen plus Telefonflat.<\/li>\n<\/ul>\n","protected":false},"excerpt":{"rendered":"<p>Bei Vodafone erhalten Sie g\u00fcnstige Doppelflat Pakete (2play)\u00a0zum Surfen und Telefonieren. Abh\u00e4ngig von der\u00a0Verf\u00fcgbarkeit\u00a0erhalten Sie die Vodafone Internet\u00a0und Telefon\u00a0Tarife als Kabel,\u00a0DSL, VDSL\u00a0oder LTE\u00a0Anschluss geschaltet. Tarif\u00fcbersicht: Kabel Internet\u00a0&amp; Telefon\u00a0&#8211;\u00a0in 13 Bundesl\u00e4ndern (vorher\u00a0Kabel Deutschland Netz). VDSL Internet\u00a0&amp; Telefon\u00a0&#8211; Highspeed Surfen mit VDSL Vectoring sowie Telefonflat. DSL Internet\u00a0&amp; Telefon\u00a0&#8211; klassischer\u00a0DSL Anschluss mit Internet- &amp; Telefonflat. LTE Internet &amp; &hellip; <a href=\"https:\/\/tarife-aktionen.de\/vodafone\/zuhause\/tarifuebersicht\/internet-telefon\" class=\"more-link\"><span class=\"screen-reader-text\">Vodafone Zuhause Internet und Telefon Tarife \u00dcbersicht<\/span> weiterlesen <span class=\"meta-nav\">&rarr;<\/span><\/a><\/p>\n","protected":false},"author":28,"featured_media":0,"parent":989,"menu_order":100120,"comment_status":"closed","ping_status":"closed","template":"","meta":{"footnotes":""},"class_list":["post-994","page","type-page","status-publish","hentry"],"_links":{"self":[{"href":"https:\/\/tarife-aktionen.de\/vodafone\/wp-json\/wp\/v2\/pages\/994","targetHints":{"allow":["GET"]}}],"collection":[{"href":"https:\/\/tarife-aktionen.de\/vodafone\/wp-json\/wp\/v2\/pages"}],"about":[{"href":"https:\/\/tarife-aktionen.de\/vodafone\/wp-json\/wp\/v2\/types\/page"}],"author":[{"embeddable":true,"href":"https:\/\/tarife-aktionen.de\/vodafone\/wp-json\/wp\/v2\/users\/28"}],"replies":[{"embeddable":true,"href":"https:\/\/tarife-aktionen.de\/vodafone\/wp-json\/wp\/v2\/comments?post=994"}],"version-history":[{"count":3,"href":"https:\/\/tarife-aktionen.de\/vodafone\/wp-json\/wp\/v2\/pages\/994\/revisions"}],"predecessor-version":[{"id":5384,"href":"https:\/\/tarife-aktionen.de\/vodafone\/wp-json\/wp\/v2\/pages\/994\/revisions\/5384"}],"up":[{"embeddable":true,"href":"https:\/\/tarife-aktionen.de\/vodafone\/wp-json\/wp\/v2\/pages\/989"}],"wp:attachment":[{"href":"https:\/\/tarife-aktionen.de\/vodafone\/wp-json\/wp\/v2\/media?parent=994"}],"curies":[{"name":"wp","href":"https:\/\/api.w.org\/{rel}","templated":true}]}}