{"id":996,"date":"2016-01-22T00:01:14","date_gmt":"2016-01-21T23:01:14","guid":{"rendered":"https:\/\/tarife-aktionen.de\/vodafone\/?page_id=996"},"modified":"2018-08-08T15:23:40","modified_gmt":"2018-08-08T13:23:40","slug":"internet-fernsehen","status":"publish","type":"page","link":"https:\/\/tarife-aktionen.de\/vodafone\/zuhause\/tarifuebersicht\/internet-fernsehen","title":{"rendered":"Vodafone Zuhause Internet und Fernsehen Tarife \u00dcbersicht"},"content":{"rendered":"<p>Bei Vodafone erhalten Sie g\u00fcnstige <span class=\"farbig\">Internet &amp; TV Tarife<\/span>\u00a0(ohne Telefonflat \/ alternativ <a title=\"Vodafone Zuhause Internet, Telefon und TV Tarife \u00dcbersicht\" href=\"https:\/\/tarife-aktionen.de\/vodafone\/zuhause\/tarifuebersicht\/internet-telefon-tv\">hier mit Flat<\/a>). Abh\u00e4ngig von der <strong><a title=\"Vodafone Verf\u00fcgbarkeit Zuhause Tarife: DSL, VDSL, Kabel, LTE\" href=\"https:\/\/tarife-aktionen.de\/vodafone\/zuhause\/verfuegbarkeit\">Verf\u00fcgbarkeit<\/a><\/strong> erhalten Sie die Vodafone Tarife zum Surfen und Fernsehen Zuhause \u00fcber das\u00a0<a title=\"Vodafone Kabel Tarife: Internet, Telefon und optional TV\" href=\"https:\/\/tarife-aktionen.de\/vodafone\/zuhause\/kabel\">Kabel<\/a>,\u00a0<a title=\"Vodafone DSL Tarife: Internet, Telefon und optional TV\" href=\"https:\/\/tarife-aktionen.de\/vodafone\/zuhause\/dsl\">DSL<\/a>\u00a0oder <a title=\"Vodafone VDSL Tarife: Internet, Telefon und optional TV\" href=\"https:\/\/tarife-aktionen.de\/vodafone\/zuhause\/vdsl\">VDSL<\/a>\u00a0Festnetz\u00a0geschaltet. <span class=\"farbig\">Tarif\u00fcbersicht:<\/span><\/p>\n<ul>\n<li><strong><a title=\"Vodafone Kabel Internet, Telefon und TV (Kombi-Pakete)\" href=\"https:\/\/tarife-aktionen.de\/vodafone\/festnetz\/kabel-internet-telefon-fernsehen\">Kabel Internet und TV<\/a><\/strong>\u00a0&#8211;\u00a0in 13 Bundesl\u00e4ndern (vorher\u00a0<strong>Kabel Deutschland<\/strong> Netz).<\/li>\n<li><strong><a title=\"Vodafone VDSL Tarife mit Internet und TV (ohne Telefonflat)\" href=\"https:\/\/tarife-aktionen.de\/vodafone\/vdsl\/tarife-preise-telefon-internet-vodafone-vdsl\">VDSL Internet und TV<\/a><\/strong>\u00a0&#8211; Highspeed Surfen mit VDSL Vectoring sowie Telefonflat.<\/li>\n<li><strong><a title=\"Vodafone DSL Tarife mit Internet und TV (ohne Telefonflat)\" href=\"https:\/\/tarife-aktionen.de\/vodafone\/dsl\/tarife-preise-telefon-internet-vodafone-dsl\">DSL Internet und TV<\/a><\/strong>\u00a0&#8211; klassischer\u00a0DSL Anschluss mit Internet- &amp; Telefonflat.<\/li>\n<\/ul>\n<p><em>Neben <strong>Internet &amp; TV<\/strong> erhalten Sie bei Vodafone auch diese Tarifvarianten:<\/em><\/p>\n<ul>\n<li><a title=\"Vodafone Zuhause Internet, Telefon und TV Tarife \u00dcbersicht\" href=\"https:\/\/tarife-aktionen.de\/vodafone\/zuhause\/tarifuebersicht\/internet-telefon-tv\"><strong>Internet, Telefon und TV<\/strong><\/a> &#8211; <strong>Kombi-Pakete<\/strong> zum Surfen, Telefonieren und Fernsehen.<\/li>\n<li><a title=\"Vodafone Zuhause Internet und Telefon Tarife \u00dcbersicht\" href=\"https:\/\/tarife-aktionen.de\/vodafone\/zuhause\/tarifuebersicht\/internet-telefon\"><strong>Internet und Telefon<\/strong><\/a>\u00a0&#8211;\u00a0<strong>Doppelflat<\/strong> Tarife zum Flat Surfen und Telefonieren.<\/li>\n<\/ul>\n<h2>Vodafone <span class=\"farbig\">Kabel<\/span> Internet\u00a0und\u00a0TV \/ Fernsehen Tarife \u00dcbersicht<\/h2>\n<p>Das Vodafone Kabel-Netz (ehemals <strong>Kabel Deutschland<\/strong>) ist in 13 Bundesl\u00e4ndern <strong><a title=\"Vodafone Kabel Verf\u00fcgbarkeit pr\u00fcfen (Internet, Telefon, TV)\" href=\"https:\/\/tarife-aktionen.de\/vodafone\/kabel-deutschland\/verfuegbarkeit-check-vodafone-kabel\">verf\u00fcgbar<\/a><\/strong>.\u00a0Die Vodafone Kabel Internet und TV Tarife beinhalten immer auch Telefonie &#8211; ob Sie die Telefonflat nutzen, bleibt nat\u00fcrlich Ihnen \u00fcberlassen &#8211; preislich sind die Tarife dennoch sehr attraktiv.<\/p>\n<ul>\n<li><strong><a title=\"Vodafone Internet, Phone &amp; TV Komfort Vielfalt HD Kabel 200V\" href=\"https:\/\/tarife-aktionen.de\/vodafone\/kabel-tarife\/vodafone-red-internet-phone-200-cable-mit-gigatv\">Komfort Vielfalt HD Kabel 200 V<\/a><\/strong> &#8211; bis 200 MBit\/s, Premium Sender, XL-Videorekorder.<\/li>\n<li><strong><a title=\"Vodafone Internet, Phone &amp; TV Komfort HD Kabel 200 V Tarif\" href=\"https:\/\/tarife-aktionen.de\/vodafone\/kabel-tarife\/vodafone-red-internet-phone-200-cable-mit-gigatv\">Komfort HD Kabel 200 V<\/a><\/strong> &#8211; Highspeed Internet Anschluss, HDTV, HD-Videorekorder.<\/li>\n<li><strong><a title=\"Vodafone Internet, Phone &amp; TV Komfort Vielfalt HD Kabel 100\" href=\"https:\/\/tarife-aktionen.de\/vodafone\/kabel-tarife\/vodafone-red-internet-phone-100-cable-mit-gigatv\">Komfort Vielfalt HD Kabel 100<\/a><\/strong> &#8211; Schnell Surfen, AVM Router, XL HD-Videorekorder.<\/li>\n<li><strong><a title=\"Vodafone Internet, Phone &amp; TV Komfort HD Kabel 100 Tarif\" href=\"https:\/\/tarife-aktionen.de\/vodafone\/kabel-tarife\/vodafone-red-internet-phone-100-cable-mit-gigatv\">Komfort HD Kabel 100<\/a><\/strong> &#8211; Highspeed Internet, HD-Fernsehen und HD-Videorekorder.<\/li>\n<li><strong><a title=\"Vodafone Internet, Phone &amp; TV Komfort HD Kabel 50 Kombipaket\" href=\"https:\/\/tarife-aktionen.de\/vodafone\/archiv-kabel-tarife\/vodafone-red-internet-phone-50-cable\">Komfort HD Kabel 50<\/a><\/strong> &#8211; g\u00fcnstiger und schneller Zugang sowie HD Rekorder.<\/li>\n<li><strong><a title=\"Vodafone Internet, Phone &amp; TV Komfort HD Kabel 25 Kombipaket\" href=\"https:\/\/tarife-aktionen.de\/vodafone\/archiv-kabel-tarife\/vodafone-red-internet-phone-25-cable\">Komfort HD Kabel 25<\/a><\/strong> &#8211; preiswerter Internetanschluss und HD-Fernsehen.<\/li>\n<li><strong><a title=\"Vodafone Internet, Phone &amp; TV Basis HD Kabel 25 (Kombipaket)\" href=\"https:\/\/tarife-aktionen.de\/vodafone\/archiv-kabel-tarife\/vodafone-red-internet-phone-25-cable\">Basis HD Kabel 25<\/a><\/strong> &#8211; g\u00fcnstige Internetflat sowie Basis-TV Angebot.<\/li>\n<\/ul>\n<h2>Vodafone <span class=\"farbig\">VDSL<\/span>\u00a0Internet\u00a0und\u00a0TV \/ Fernsehen Tarife \u00dcbersicht<\/h2>\n<p>Wo Vodafone Kabel noch nicht verf\u00fcgbar\u00a0ist, aber das schnelle <strong><a title=\"Vodafone VDSL Verf\u00fcgbarkeit pr\u00fcfen (Verf\u00fcgbarkeitscheck)\" href=\"https:\/\/tarife-aktionen.de\/vodafone\/vdsl\/verfuegbarkeit-check-karte-netzausbau-vodafone-vdsl\">Vodafone VDSL ausgebaut<\/a><\/strong>\u00a0ist, erhalten Sie g\u00fcnstige Kombi-Tarife zum VDSL Surfen und Fernsehen:<\/p>\n<ul>\n<li><strong><a title=\"Vodafone Internet &amp; TV DSL 100 (VDSL und IPTV \/ Fernsehen)\" href=\"https:\/\/tarife-aktionen.de\/vodafone\/dsl-tarife\/vodafone-red-internet-phone-100-dsl-vdsl-mit-iptv\">Internet &amp; TV DSL 100<\/a><\/strong> &#8211; Highspeed Internet und IPTV (Fernsehen via VDSL).<\/li>\n<li><strong><a title=\"Vodafone Internet &amp; TV DSL 50 (VDSL und IPTV \/ Fernsehen)\" href=\"https:\/\/tarife-aktionen.de\/vodafone\/dsl-tarife\/vodafone-red-internet-phone-50-dsl-vdsl-mit-iptv\">Internet &amp; TV DSL 50<\/a><\/strong> &#8211; schneller Anschluss mit Internetflat sowie IPTV Anschluss.<\/li>\n<li><strong><a title=\"Vodafone Internet &amp; TV DSL 25 (VDSL und IPTV \/ Fernsehen)\" href=\"https:\/\/tarife-aktionen.de\/vodafone\/archiv-dsl-tarife\/vodafone-internet-phone-dsl-25-vdsl\">Internet &amp; TV DSL 25<\/a><\/strong> &#8211; g\u00fcnstiger\u00a0Internetanschluss mit IP-TV Fernsehanschluss.<\/li>\n<\/ul>\n<h2>Vodafone <span class=\"farbig\">DSL<\/span>\u00a0Internet\u00a0und Fernsehen \/ TV\u00a0Tarife \u00dcbersicht<\/h2>\n<p>Wenn ein schneller Vodafone Kabel oder VDSL Anschluss ist nicht m\u00f6glich ist, aber zumindest <strong><a title=\"Vodafone DSL Verf\u00fcgbarkeit pr\u00fcfen (DSL Verf\u00fcgbarkeitscheck)\" href=\"https:\/\/tarife-aktionen.de\/vodafone\/dsl\/verfuegbarkeit-check-karte-netzausbau-vodafone-dsl\">Vodafone DSL ausgebaut<\/a><\/strong>, k\u00f6nnen Sie ebenfalls Internet und Fernsehen erhalten:<\/p>\n<ul>\n<li><strong><a title=\"Vodafone Internet &amp; TV DSL 16 (IPTV \/ Fernsehen)\" href=\"https:\/\/tarife-aktionen.de\/vodafone\/dsl-tarife\/vodafone-red-internet-phone-16-dsl-mit-iptv\">Internet &amp; TV DSL 16<\/a><\/strong> &#8211; g\u00fcnstiger\u00a0IPTV Anschluss mit Internetflat zum Surfen.<\/li>\n<\/ul>\n","protected":false},"excerpt":{"rendered":"<p>Bei Vodafone erhalten Sie g\u00fcnstige Internet &amp; TV Tarife\u00a0(ohne Telefonflat \/ alternativ hier mit Flat). Abh\u00e4ngig von der Verf\u00fcgbarkeit erhalten Sie die Vodafone Tarife zum Surfen und Fernsehen Zuhause \u00fcber das\u00a0Kabel,\u00a0DSL\u00a0oder VDSL\u00a0Festnetz\u00a0geschaltet. Tarif\u00fcbersicht: Kabel Internet und TV\u00a0&#8211;\u00a0in 13 Bundesl\u00e4ndern (vorher\u00a0Kabel Deutschland Netz). VDSL Internet und TV\u00a0&#8211; Highspeed Surfen mit VDSL Vectoring sowie Telefonflat. DSL Internet &hellip; <a href=\"https:\/\/tarife-aktionen.de\/vodafone\/zuhause\/tarifuebersicht\/internet-fernsehen\" class=\"more-link\"><span class=\"screen-reader-text\">Vodafone Zuhause Internet und Fernsehen Tarife \u00dcbersicht<\/span> weiterlesen <span class=\"meta-nav\">&rarr;<\/span><\/a><\/p>\n","protected":false},"author":28,"featured_media":0,"parent":989,"menu_order":100130,"comment_status":"closed","ping_status":"closed","template":"","meta":{"footnotes":""},"class_list":["post-996","page","type-page","status-publish","hentry"],"_links":{"self":[{"href":"https:\/\/tarife-aktionen.de\/vodafone\/wp-json\/wp\/v2\/pages\/996","targetHints":{"allow":["GET"]}}],"collection":[{"href":"https:\/\/tarife-aktionen.de\/vodafone\/wp-json\/wp\/v2\/pages"}],"about":[{"href":"https:\/\/tarife-aktionen.de\/vodafone\/wp-json\/wp\/v2\/types\/page"}],"author":[{"embeddable":true,"href":"https:\/\/tarife-aktionen.de\/vodafone\/wp-json\/wp\/v2\/users\/28"}],"replies":[{"embeddable":true,"href":"https:\/\/tarife-aktionen.de\/vodafone\/wp-json\/wp\/v2\/comments?post=996"}],"version-history":[{"count":3,"href":"https:\/\/tarife-aktionen.de\/vodafone\/wp-json\/wp\/v2\/pages\/996\/revisions"}],"predecessor-version":[{"id":5385,"href":"https:\/\/tarife-aktionen.de\/vodafone\/wp-json\/wp\/v2\/pages\/996\/revisions\/5385"}],"up":[{"embeddable":true,"href":"https:\/\/tarife-aktionen.de\/vodafone\/wp-json\/wp\/v2\/pages\/989"}],"wp:attachment":[{"href":"https:\/\/tarife-aktionen.de\/vodafone\/wp-json\/wp\/v2\/media?parent=996"}],"curies":[{"name":"wp","href":"https:\/\/api.w.org\/{rel}","templated":true}]}}