{"id":999,"date":"2016-01-22T00:01:16","date_gmt":"2016-01-21T23:01:16","guid":{"rendered":"https:\/\/tarife-aktionen.de\/vodafone\/?page_id=999"},"modified":"2018-08-08T15:23:40","modified_gmt":"2018-08-08T13:23:40","slug":"internet","status":"publish","type":"page","link":"https:\/\/tarife-aktionen.de\/vodafone\/zuhause\/tarifuebersicht\/internet","title":{"rendered":"Vodafone Zuhause Internet Tarife \u00dcbersicht (ohne Telefonie)"},"content":{"rendered":"<p>Bei Vodafone erhalten Sie preiswerte\u00a0<span class=\"farbig\">Internetflat Pakete<\/span>\u00a0zum Zuhause Surfen. Abh\u00e4ngig von der\u00a0<strong><a title=\"Vodafone Verf\u00fcgbarkeit Zuhause Tarife: DSL, VDSL, Kabel, LTE\" href=\"https:\/\/tarife-aktionen.de\/vodafone\/zuhause\/verfuegbarkeit\">Verf\u00fcgbarkeit<\/a><\/strong>\u00a0erhalten Sie die Vodafone Internet Tarife \u00fcber das Festnetz (<a title=\"Vodafone Kabel Tarife: Internet, Telefon und optional TV\" href=\"https:\/\/tarife-aktionen.de\/vodafone\/zuhause\/kabel\">Kabel<\/a>\u00a0\/ \u00a0<a title=\"Vodafone DSL Tarife: Internet, Telefon und optional TV\" href=\"https:\/\/tarife-aktionen.de\/vodafone\/zuhause\/dsl\">DSL<\/a>) oder \u00fcber das Mobilfunk Netz (<a title=\"Vodafone LTE Zuhause Tarife \u2013 Internet und Telefon\" href=\"https:\/\/tarife-aktionen.de\/vodafone\/zuhause\/lte\">LTE<\/a>) geschaltet. <span class=\"farbig\">Tarif\u00fcbersicht:<\/span><\/p>\n<ul>\n<li><strong><a title=\"Vodafone Kabel Internet Tarife mit Internetflat\" href=\"https:\/\/tarife-aktionen.de\/vodafone\/festnetz\/vodafone-red-internet-phone-cable-kabel-tarife\">Kabel Internet<\/a><\/strong>\u00a0&#8211; Surfen in 13 Bundesl\u00e4ndern (vorher\u00a0<strong>Kabel Deutschland<\/strong> Netz).<\/li>\n<li><strong><a title=\"Vodafone DSL Tarife mit Internetflat (ohne Telefonflat)\" href=\"https:\/\/tarife-aktionen.de\/vodafone\/dsl\/tarife-preise-telefon-internet-vodafone-dsl\">DSL Internet<\/a><\/strong>\u00a0&#8211; klassischer\u00a0DSL Internetanschluss mit Internetflat zum Surfen.\n<ul>\n<li>Schnelles <strong><a title=\"Vodafone VDSL Tarife: Internet, Telefon und optional TV\" href=\"https:\/\/tarife-aktionen.de\/vodafone\/zuhause\/vdsl\">Vodafone VDSL<\/a><\/strong> erhalten Sie nur in Verbindung mit Telefonie-<\/li>\n<\/ul>\n<\/li>\n<li><strong><a title=\"Vodafone LTE Zuhause Internet Tarife (LTE Internetflat)\" href=\"https:\/\/tarife-aktionen.de\/vodafone\/zuhause\/lte\/internet\">LTE Internet<\/a><\/strong>\u00a0&#8211; \u00fcber das Mobilfunk-Netz\u00a0surfen (wenn Kabel \/ DSL nicht verf\u00fcgbar).<\/li>\n<\/ul>\n<p><em>Neben reinen\u00a0<strong>Internet<\/strong>\u00a0Tarifen erhalten Sie bei Vodafone auch diese Tarif-Varianten:<\/em><\/p>\n<ul>\n<li><a title=\"Vodafone Zuhause Internet, Telefon und TV Tarife \u00dcbersicht\" href=\"https:\/\/tarife-aktionen.de\/vodafone\/zuhause\/tarifuebersicht\/internet-telefon-tv\"><strong>Internet, Telefon und TV<\/strong><\/a> &#8211; 3play\u00a0<strong>Kombi-Pakete<\/strong> zum Surfen, Telefonieren und Fernsehen.<\/li>\n<li><a title=\"Vodafone Zuhause Internet und Telefon Tarife \u00dcbersicht\" href=\"https:\/\/tarife-aktionen.de\/vodafone\/zuhause\/tarifuebersicht\/internet-telefon\"><strong>Internet und Telefon<\/strong><\/a>\u00a0&#8211;\u00a0<strong>Doppelflat<\/strong> Tarife (2play) zum Surfen und Telefonieren.<\/li>\n<li><a title=\"Vodafone Zuhause Internet und Fernsehen Tarife \u00dcbersicht\" href=\"https:\/\/tarife-aktionen.de\/vodafone\/zuhause\/tarifuebersicht\/internet-fernsehen\"><strong>Internet und TV<\/strong><\/a> &#8211; Surfen und Fernsehen ohne\u00a0Telefonflat zum kleinen Preis.<\/li>\n<\/ul>\n<h2>Vodafone <span class=\"farbig\">Kabel<\/span> Internet Tarife \u00dcbersicht (Internetflat)<\/h2>\n<p>Das Vodafone Koaxial-Netz \/ Glasfaser-Netz\u00a0(fr\u00fcher\u00a0<strong>Kabel Deutschland<\/strong>) ist in 13 Bundesl\u00e4ndern ausgebaut. Wenn <strong><a title=\"Vodafone Kabel Verf\u00fcgbarkeit pr\u00fcfen (Internet, Telefon, TV)\" href=\"https:\/\/tarife-aktionen.de\/vodafone\/kabel-deutschland\/verfuegbarkeit-check-vodafone-kabel\">Vodafone Kabel verf\u00fcgbar<\/a><\/strong> ist, erhalten Sie diesen\u00a0Tarif:<\/p>\n<ul>\n<li><strong><a title=\"Vodafone Internet Kabel 25 (Internetflat ohne Telefon)\" href=\"https:\/\/tarife-aktionen.de\/vodafone\/archiv-kabel-tarife\/vodafone-red-internet-phone-25-cable\">Internet Kabel 25<\/a><\/strong> &#8211; g\u00fcnstiger Internetanschluss ohne Telefonfunktion.<\/li>\n<li><em>Alternativ schnellere Kabel Internet Anschl\u00fcsse bis 200 MBit\/s mit <a title=\"Vodafone Kabel Internet und Telefon (Doppelflat Tarife)\" href=\"https:\/\/tarife-aktionen.de\/vodafone\/festnetz\/vodafone-red-internet-phone-cable-kabel-tarife\">Kabel Internet &amp; Telefon<\/a>.<\/em><\/li>\n<\/ul>\n<h2>Vodafone <span class=\"farbig\">DSL<\/span>\u00a0Internet Tarife \u00dcbersicht (Internetflat)<\/h2>\n<p>Wenn Vodafone Kabel nicht ausgebaut, aber\u00a0<strong><a title=\"Vodafone DSL Verf\u00fcgbarkeit pr\u00fcfen (DSL Verf\u00fcgbarkeitscheck)\" href=\"https:\/\/tarife-aktionen.de\/vodafone\/dsl\/verfuegbarkeit-check-karte-netzausbau-vodafone-dsl\">Vodafone DSL verf\u00fcgbar<\/a><\/strong>\u00a0ist, k\u00f6nnen Sie ebenfalls preiswerte Internetflat Angebote ohne Telefonflat bestellen:<\/p>\n<ul>\n<li><strong><a title=\"Vodafone Internet DSL 16 \u2013 Internetflat f\u00fcr Zuhause\" href=\"https:\/\/tarife-aktionen.de\/vodafone\/archiv-dsl-tarife\/vodafone-internet-dsl-16\">Internet DSL 16<\/a><\/strong> &#8211; der klassische DSL Anschluss mit Internetflat.<\/li>\n<li><strong><a title=\"Vodafone Internet DSL 6 \u2013 Internetflat f\u00fcr Zuhause\" href=\"https:\/\/tarife-aktionen.de\/vodafone\/archiv-dsl-tarife\/vodafone-internet-dsl-16\">Internet DSL 6<\/a><\/strong> &#8211; Einsteiger Anschluss mit DSL Internetflat.<\/li>\n<li><em>Alternativ schnellere <a title=\"Vodafone VDSL Tarife: Internet, Telefon und optional TV\" href=\"https:\/\/tarife-aktionen.de\/vodafone\/zuhause\/vdsl\">VDSL Tarife<\/a> als <a title=\"Vodafone VDSL Tarife mit Internet und Telefon (Doppelflat)\" href=\"https:\/\/tarife-aktionen.de\/vodafone\/festnetz\/vodafone-red-internet-phone-dsl-tarife\">Internet &amp; Telefon<\/a> oder <a title=\"Vodafone VDSL Tarife mit Internet und TV (ohne Telefonflat)\" href=\"https:\/\/tarife-aktionen.de\/vodafone\/vdsl\/tarife-preise-telefon-internet-vodafone-vdsl\">Internet &amp; TV<\/a> Pakete.<\/em><\/li>\n<\/ul>\n<h2>Vodafone <span class=\"farbig\">LTE<\/span>\u00a0Internet Tarife \u00dcbersicht (Internetflat)<\/h2>\n<p>Vodafone Kabel oder DSL sind\u00a0nicht verf\u00fcgbar und Sie suchen\u00a0eine g\u00fcnstige Internetflat\u00a0f\u00fcr Daheim? Wenn <strong><a title=\"Vodafone Zuhause LTE Verf\u00fcgbarkeit pr\u00fcfen (DSL Alternative)\" href=\"https:\/\/tarife-aktionen.de\/vodafone\/zuhause\/lte\/verfuegbarkeit\">Vodafone LTE verf\u00fcgbar<\/a><\/strong> ist, erhalten Sie diese Internet Tarife:<\/p>\n<ul>\n<li><strong><a title=\"Vodafone LTE Zuhause \u2013 Internet 50000 (LTE Internetflat)\" href=\"https:\/\/tarife-aktionen.de\/vodafone\/zuhause\/lte\/internet-50000\">Internet LTE 50000<\/a><\/strong> &#8211; Internetflat mit bis 50 MBit\/s (30 GB Highspeed inklusive).<\/li>\n<li><strong><a title=\"Vodafone LTE Zuhause \u2013 Internet 21600 (LTE Internetflat)\" href=\"https:\/\/tarife-aktionen.de\/vodafone\/zuhause\/lte\/internet-21600\">Internet LTE 21600<\/a><\/strong> &#8211; Internetflat bis 21,6 MBit\/s (15 GB\u00a0Highspeed enthalten).<\/li>\n<li><strong><a title=\"Vodafone LTE Zuhause S \u2013 Internet 7200 (LTE Internetflat)\" href=\"https:\/\/tarife-aktionen.de\/vodafone\/zuhause\/lte\/s-internet-7200\">Internet LTE 7200<\/a><\/strong> &#8211; Internetflat bis 7,2 MBit\/s (10 GB\u00a0Highspeed-Datenvolumen).<\/li>\n<\/ul>\n","protected":false},"excerpt":{"rendered":"<p>Bei Vodafone erhalten Sie preiswerte\u00a0Internetflat Pakete\u00a0zum Zuhause Surfen. Abh\u00e4ngig von der\u00a0Verf\u00fcgbarkeit\u00a0erhalten Sie die Vodafone Internet Tarife \u00fcber das Festnetz (Kabel\u00a0\/ \u00a0DSL) oder \u00fcber das Mobilfunk Netz (LTE) geschaltet. Tarif\u00fcbersicht: Kabel Internet\u00a0&#8211; Surfen in 13 Bundesl\u00e4ndern (vorher\u00a0Kabel Deutschland Netz). DSL Internet\u00a0&#8211; klassischer\u00a0DSL Internetanschluss mit Internetflat zum Surfen. Schnelles Vodafone VDSL erhalten Sie nur in Verbindung mit &hellip; <a href=\"https:\/\/tarife-aktionen.de\/vodafone\/zuhause\/tarifuebersicht\/internet\" class=\"more-link\"><span class=\"screen-reader-text\">Vodafone Zuhause Internet Tarife \u00dcbersicht (ohne Telefonie)<\/span> weiterlesen <span class=\"meta-nav\">&rarr;<\/span><\/a><\/p>\n","protected":false},"author":28,"featured_media":0,"parent":989,"menu_order":100140,"comment_status":"closed","ping_status":"closed","template":"","meta":{"footnotes":""},"class_list":["post-999","page","type-page","status-publish","hentry"],"_links":{"self":[{"href":"https:\/\/tarife-aktionen.de\/vodafone\/wp-json\/wp\/v2\/pages\/999","targetHints":{"allow":["GET"]}}],"collection":[{"href":"https:\/\/tarife-aktionen.de\/vodafone\/wp-json\/wp\/v2\/pages"}],"about":[{"href":"https:\/\/tarife-aktionen.de\/vodafone\/wp-json\/wp\/v2\/types\/page"}],"author":[{"embeddable":true,"href":"https:\/\/tarife-aktionen.de\/vodafone\/wp-json\/wp\/v2\/users\/28"}],"replies":[{"embeddable":true,"href":"https:\/\/tarife-aktionen.de\/vodafone\/wp-json\/wp\/v2\/comments?post=999"}],"version-history":[{"count":3,"href":"https:\/\/tarife-aktionen.de\/vodafone\/wp-json\/wp\/v2\/pages\/999\/revisions"}],"predecessor-version":[{"id":5388,"href":"https:\/\/tarife-aktionen.de\/vodafone\/wp-json\/wp\/v2\/pages\/999\/revisions\/5388"}],"up":[{"embeddable":true,"href":"https:\/\/tarife-aktionen.de\/vodafone\/wp-json\/wp\/v2\/pages\/989"}],"wp:attachment":[{"href":"https:\/\/tarife-aktionen.de\/vodafone\/wp-json\/wp\/v2\/media?parent=999"}],"curies":[{"name":"wp","href":"https:\/\/api.w.org\/{rel}","templated":true}]}}